{"id":3024,"date":"2024-11-06T15:25:07","date_gmt":"2024-11-06T13:25:07","guid":{"rendered":"https:\/\/saamelainenilmastoneuvosto.fi\/?page_id=3024"},"modified":"2026-02-19T13:31:27","modified_gmt":"2026-02-19T11:31:27","slug":"saami-climate-council","status":"publish","type":"page","link":"https:\/\/saamelainenilmastoneuvosto.fi\/en\/saami-climate-council\/","title":{"rendered":"Saami Climate Council"},"content":{"rendered":"\t\t<div data-elementor-type=\"wp-page\" data-elementor-id=\"3024\" class=\"elementor elementor-3024 elementor-82\" data-elementor-post-type=\"page\">\n\t\t\t\t<div class=\"elementor-element elementor-element-69ef60ef e-con-full regular-hero__main-container e-flex e-con e-parent\" data-id=\"69ef60ef\" data-element_type=\"container\" data-e-type=\"container\">\n\t\t<div class=\"elementor-element elementor-element-6287930a e-con-full regular-hero e-flex e-con e-child\" data-id=\"6287930a\" data-element_type=\"container\" data-e-type=\"container\" data-settings=\"{&quot;background_background&quot;:&quot;classic&quot;}\">\n\t\t<div class=\"elementor-element elementor-element-1158c961 regular-hero__content-container e-flex e-con-boxed e-con e-child\" data-id=\"1158c961\" data-element_type=\"container\" data-e-type=\"container\">\n\t\t\t\t\t<div class=\"e-con-inner\">\n\t\t<div class=\"elementor-element elementor-element-32f5b4f6 e-con-full regular-hero__text-content e-flex e-con e-child\" data-id=\"32f5b4f6\" data-element_type=\"container\" data-e-type=\"container\" data-settings=\"{&quot;background_background&quot;:&quot;classic&quot;}\">\n\t\t\t\t<\/div>\n\t\t<div class=\"elementor-element elementor-element-2363c5c9 e-con-full elementor-hidden-widescreen elementor-hidden-desktop elementor-hidden-laptop elementor-hidden-tablet e-flex e-con e-child\" data-id=\"2363c5c9\" data-element_type=\"container\" data-e-type=\"container\">\n\t\t\t\t<div class=\"elementor-element elementor-element-3cd5c628 elementor-mobile-align-left elementor-widget elementor-widget-breadcrumbs\" data-id=\"3cd5c628\" data-element_type=\"widget\" data-e-type=\"widget\" data-widget_type=\"breadcrumbs.default\">\n\t\t\t\t\t<p id=\"breadcrumbs\"><span><span><a href=\"https:\/\/saamelainenilmastoneuvosto.fi\/en\/\">Home<\/a><\/span><\/span><\/p>\t\t\t\t<\/div>\n\t\t\t\t<\/div>\n\t\t<div class=\"elementor-element elementor-element-7b12517 e-con-full elementor-hidden-widescreen elementor-hidden-desktop elementor-hidden-laptop elementor-hidden-tablet mobile-image-container e-flex e-con e-child\" data-id=\"7b12517\" data-element_type=\"container\" data-e-type=\"container\">\n\t\t\t\t<div class=\"elementor-element elementor-element-212174f0 elementor-widget elementor-widget-image\" data-id=\"212174f0\" data-element_type=\"widget\" data-e-type=\"widget\" data-widget_type=\"image.default\">\n\t\t\t\t\t\t\t\t\t\t\t\t\t\t\t<img fetchpriority=\"high\" decoding=\"async\" width=\"2000\" height=\"1125\" src=\"https:\/\/saamelainenilmastoneuvosto.fi\/wp-content\/uploads\/2024\/11\/ilmastoneuvosto_hero7.jpg\" class=\"attachment-2048x2048 size-2048x2048 wp-image-1926\" alt=\"\" srcset=\"https:\/\/saamelainenilmastoneuvosto.fi\/wp-content\/uploads\/2024\/11\/ilmastoneuvosto_hero7.jpg 2000w, https:\/\/saamelainenilmastoneuvosto.fi\/wp-content\/uploads\/2024\/11\/ilmastoneuvosto_hero7-300x169.jpg 300w, https:\/\/saamelainenilmastoneuvosto.fi\/wp-content\/uploads\/2024\/11\/ilmastoneuvosto_hero7-1024x576.jpg 1024w, https:\/\/saamelainenilmastoneuvosto.fi\/wp-content\/uploads\/2024\/11\/ilmastoneuvosto_hero7-768x432.jpg 768w, https:\/\/saamelainenilmastoneuvosto.fi\/wp-content\/uploads\/2024\/11\/ilmastoneuvosto_hero7-1536x864.jpg 1536w\" sizes=\"(max-width: 2000px) 100vw, 2000px\" \/>\t\t\t\t\t\t\t\t\t\t\t\t\t\t\t<\/div>\n\t\t\t\t<\/div>\n\t\t\t\t\t<\/div>\n\t\t\t\t<\/div>\n\t\t\t\t<\/div>\n\t\t<div class=\"elementor-element elementor-element-2b3d0e78 elementor-hidden-mobile regular-hero__desktop-breadcrumb e-flex e-con-boxed e-con e-child\" data-id=\"2b3d0e78\" data-element_type=\"container\" data-e-type=\"container\">\n\t\t\t\t\t<div class=\"e-con-inner\">\n\t\t\t\t<div class=\"elementor-element elementor-element-61e28aa6 elementor-widget elementor-widget-breadcrumbs\" data-id=\"61e28aa6\" data-element_type=\"widget\" data-e-type=\"widget\" data-widget_type=\"breadcrumbs.default\">\n\t\t\t\t\t<p id=\"breadcrumbs\"><span><span><a href=\"https:\/\/saamelainenilmastoneuvosto.fi\/en\/\">Home<\/a><\/span><\/span><\/p>\t\t\t\t<\/div>\n\t\t\t\t\t<\/div>\n\t\t\t\t<\/div>\n\t\t\t\t<\/div>\n\t\t<div class=\"elementor-element elementor-element-badce67 e-flex e-con-boxed e-con e-parent\" data-id=\"badce67\" data-element_type=\"container\" data-e-type=\"container\">\n\t\t\t\t\t<div class=\"e-con-inner\">\n\t\t\t\t<div class=\"elementor-element elementor-element-5735ad3 elementor-widget elementor-widget-heading\" data-id=\"5735ad3\" data-element_type=\"widget\" data-e-type=\"widget\" data-widget_type=\"heading.default\">\n\t\t\t\t\t<h2 class=\"elementor-heading-title elementor-size-default\">The Saami Climate Council provides statements and produces new knowledge base to support decision-making<\/h2>\t\t\t\t<\/div>\n\t\t\t\t<div class=\"elementor-element elementor-element-106fe63 elementor-widget elementor-widget-button\" data-id=\"106fe63\" data-element_type=\"widget\" data-e-type=\"widget\" data-widget_type=\"button.default\">\n\t\t\t\t\t\t\t\t\t\t<a class=\"elementor-button elementor-button-link elementor-size-sm\" href=\"https:\/\/saamelainenilmastoneuvosto.fi\/en\/the-composition-of-the-saami-climate-council\/\">\n\t\t\t\t\t\t<span class=\"elementor-button-content-wrapper\">\n\t\t\t\t\t\t\t\t\t<span class=\"elementor-button-text\">The composition of the Saami Climate Council 2023-2027<\/span>\n\t\t\t\t\t<\/span>\n\t\t\t\t\t<\/a>\n\t\t\t\t\t\t\t\t<\/div>\n\t\t\t\t<div class=\"elementor-element elementor-element-dfe5863 elementor-widget elementor-widget-text-editor\" data-id=\"dfe5863\" data-element_type=\"widget\" data-e-type=\"widget\" data-widget_type=\"text-editor.default\">\n\t\t\t\t\t\t\t\t\tThe Saami Climate Council, established in Finland under the Climate Act (423\/2022), is tasked with providing information on climate change from the perspective of Saami traditional knowledge and scientific research to authorities and the Saami community for decision-making and raising awareness of the impacts of climate change on Saami culture.<br>Saami culture is especially vulnerable to the adverse effects of climate change due to their close relationship to the Arctic environment. Saami homeland and the Arctic are warming three to four times as fast as the rest of the world.<br>Finnish government appointed the first Sami Climate Council for a four-year term on August 24, 2023.<br>The Council has 12 members. According to the decree on the Saami Climate Council, at least half of the members must be holders of Saami traditional knowledge. The chairperson is Dr. Klemetti N\u00e4kk\u00e4l\u00e4j\u00e4rvi from the University of Oulu, and the vice-chairperson is Petra Biret Magga-Vars.\t\t\t\t\t\t\t\t<\/div>\n\t\t\t\t\t<\/div>\n\t\t\t\t<\/div>\n\t\t\t\t<\/div>\n\t\t","protected":false},"excerpt":{"rendered":"<p>The Saami Climate Council provides statements and produces new knowledge base to support decision-making The composition of the Saami Climate Council 2023-2027 The Saami Climate Council, established in Finland under the Climate Act (423\/2022), is tasked with providing information on climate change from the perspective of Saami traditional knowledge and scientific research to authorities and&#8230;<\/p>\n","protected":false},"author":1,"featured_media":1926,"parent":0,"menu_order":0,"comment_status":"closed","ping_status":"closed","template":"","meta":{"_acf_changed":false,"footnotes":""},"class_list":["post-3024","page","type-page","status-publish","has-post-thumbnail","hentry"],"acf":[],"yoast_head":"<!-- This site is optimized with the Yoast SEO plugin v27.4 - https:\/\/yoast.com\/product\/yoast-seo-wordpress\/ -->\n<title>Saamelainen ilmastoneuvosto - Saamelainen ilmastoneuvosto - Saami Climate Council<\/title>\n<meta name=\"robots\" content=\"index, follow, max-snippet:-1, max-image-preview:large, max-video-preview:-1\" \/>\n<link rel=\"canonical\" href=\"https:\/\/saamelainenilmastoneuvosto.fi\/en\/saami-climate-council\/\" \/>\n<meta property=\"og:locale\" content=\"en_US\" \/>\n<meta property=\"og:type\" content=\"article\" \/>\n<meta property=\"og:title\" content=\"Saamelainen ilmastoneuvosto - Saamelainen ilmastoneuvosto - Saami Climate Council\" \/>\n<meta property=\"og:description\" content=\"The Saami Climate Council provides statements and produces new knowledge base to support decision-making The composition of the Saami Climate Council 2023-2027 The Saami Climate Council, established in Finland under the Climate Act (423\/2022), is tasked with providing information on climate change from the perspective of Saami traditional knowledge and scientific research to authorities and...\" \/>\n<meta property=\"og:url\" content=\"https:\/\/saamelainenilmastoneuvosto.fi\/en\/saami-climate-council\/\" \/>\n<meta property=\"og:site_name\" content=\"Saamelainen ilmastoneuvosto\" \/>\n<meta property=\"article:modified_time\" content=\"2026-02-19T11:31:27+00:00\" \/>\n<meta property=\"og:image\" content=\"https:\/\/saamelainenilmastoneuvosto.fi\/wp-content\/uploads\/2024\/11\/ilmastoneuvosto_hero7.jpg\" \/>\n\t<meta property=\"og:image:width\" content=\"2000\" \/>\n\t<meta property=\"og:image:height\" content=\"1125\" \/>\n\t<meta property=\"og:image:type\" content=\"image\/jpeg\" \/>\n<meta name=\"twitter:card\" content=\"summary_large_image\" \/>\n<meta name=\"twitter:label1\" content=\"Est. reading time\" \/>\n\t<meta name=\"twitter:data1\" content=\"2 minutes\" \/>\n<script type=\"application\/ld+json\" class=\"yoast-schema-graph\">{\"@context\":\"https:\\\/\\\/schema.org\",\"@graph\":[{\"@type\":\"WebPage\",\"@id\":\"https:\\\/\\\/saamelainenilmastoneuvosto.fi\\\/en\\\/saami-climate-council\\\/\",\"url\":\"https:\\\/\\\/saamelainenilmastoneuvosto.fi\\\/en\\\/saami-climate-council\\\/\",\"name\":\"Saamelainen ilmastoneuvosto - Saamelainen ilmastoneuvosto - Saami Climate Council\",\"isPartOf\":{\"@id\":\"https:\\\/\\\/saamelainenilmastoneuvosto.fi\\\/en\\\/#website\"},\"primaryImageOfPage\":{\"@id\":\"https:\\\/\\\/saamelainenilmastoneuvosto.fi\\\/en\\\/saami-climate-council\\\/#primaryimage\"},\"image\":{\"@id\":\"https:\\\/\\\/saamelainenilmastoneuvosto.fi\\\/en\\\/saami-climate-council\\\/#primaryimage\"},\"thumbnailUrl\":\"https:\\\/\\\/saamelainenilmastoneuvosto.fi\\\/wp-content\\\/uploads\\\/2024\\\/11\\\/ilmastoneuvosto_hero7.jpg\",\"datePublished\":\"2024-11-06T13:25:07+00:00\",\"dateModified\":\"2026-02-19T11:31:27+00:00\",\"breadcrumb\":{\"@id\":\"https:\\\/\\\/saamelainenilmastoneuvosto.fi\\\/en\\\/saami-climate-council\\\/#breadcrumb\"},\"inLanguage\":\"en-US\",\"potentialAction\":[{\"@type\":\"ReadAction\",\"target\":[\"https:\\\/\\\/saamelainenilmastoneuvosto.fi\\\/en\\\/saami-climate-council\\\/\"]}]},{\"@type\":\"ImageObject\",\"inLanguage\":\"en-US\",\"@id\":\"https:\\\/\\\/saamelainenilmastoneuvosto.fi\\\/en\\\/saami-climate-council\\\/#primaryimage\",\"url\":\"https:\\\/\\\/saamelainenilmastoneuvosto.fi\\\/wp-content\\\/uploads\\\/2024\\\/11\\\/ilmastoneuvosto_hero7.jpg\",\"contentUrl\":\"https:\\\/\\\/saamelainenilmastoneuvosto.fi\\\/wp-content\\\/uploads\\\/2024\\\/11\\\/ilmastoneuvosto_hero7.jpg\",\"width\":2000,\"height\":1125},{\"@type\":\"BreadcrumbList\",\"@id\":\"https:\\\/\\\/saamelainenilmastoneuvosto.fi\\\/en\\\/saami-climate-council\\\/#breadcrumb\",\"itemListElement\":[{\"@type\":\"ListItem\",\"position\":1,\"name\":\"Home\",\"item\":\"https:\\\/\\\/saamelainenilmastoneuvosto.fi\\\/en\\\/\"},{\"@type\":\"ListItem\",\"position\":2,\"name\":\"Saami Climate Council\"}]},{\"@type\":\"WebSite\",\"@id\":\"https:\\\/\\\/saamelainenilmastoneuvosto.fi\\\/en\\\/#website\",\"url\":\"https:\\\/\\\/saamelainenilmastoneuvosto.fi\\\/en\\\/\",\"name\":\"Saamelainen ilmastoneuvosto\",\"description\":\"Saamelainen ilmastoneuvosto verkkosivut\",\"publisher\":{\"@id\":\"https:\\\/\\\/saamelainenilmastoneuvosto.fi\\\/en\\\/#organization\"},\"potentialAction\":[{\"@type\":\"SearchAction\",\"target\":{\"@type\":\"EntryPoint\",\"urlTemplate\":\"https:\\\/\\\/saamelainenilmastoneuvosto.fi\\\/en\\\/?s={search_term_string}\"},\"query-input\":{\"@type\":\"PropertyValueSpecification\",\"valueRequired\":true,\"valueName\":\"search_term_string\"}}],\"inLanguage\":\"en-US\"},{\"@type\":\"Organization\",\"@id\":\"https:\\\/\\\/saamelainenilmastoneuvosto.fi\\\/en\\\/#organization\",\"name\":\"Saamelainen ilmastoneuvosto\",\"url\":\"https:\\\/\\\/saamelainenilmastoneuvosto.fi\\\/en\\\/\",\"logo\":{\"@type\":\"ImageObject\",\"inLanguage\":\"en-US\",\"@id\":\"https:\\\/\\\/saamelainenilmastoneuvosto.fi\\\/en\\\/#\\\/schema\\\/logo\\\/image\\\/\",\"url\":\"https:\\\/\\\/saamelainenilmastoneuvosto.fi\\\/wp-content\\\/uploads\\\/2024\\\/11\\\/s_favicon_512x512.png\",\"contentUrl\":\"https:\\\/\\\/saamelainenilmastoneuvosto.fi\\\/wp-content\\\/uploads\\\/2024\\\/11\\\/s_favicon_512x512.png\",\"width\":512,\"height\":512,\"caption\":\"Saamelainen ilmastoneuvosto\"},\"image\":{\"@id\":\"https:\\\/\\\/saamelainenilmastoneuvosto.fi\\\/en\\\/#\\\/schema\\\/logo\\\/image\\\/\"}}]}<\/script>\n<!-- \/ Yoast SEO plugin. -->","yoast_head_json":{"title":"Saamelainen ilmastoneuvosto - Saamelainen ilmastoneuvosto - Saami Climate Council","robots":{"index":"index","follow":"follow","max-snippet":"max-snippet:-1","max-image-preview":"max-image-preview:large","max-video-preview":"max-video-preview:-1"},"canonical":"https:\/\/saamelainenilmastoneuvosto.fi\/en\/saami-climate-council\/","og_locale":"en_US","og_type":"article","og_title":"Saamelainen ilmastoneuvosto - Saamelainen ilmastoneuvosto - Saami Climate Council","og_description":"The Saami Climate Council provides statements and produces new knowledge base to support decision-making The composition of the Saami Climate Council 2023-2027 The Saami Climate Council, established in Finland under the Climate Act (423\/2022), is tasked with providing information on climate change from the perspective of Saami traditional knowledge and scientific research to authorities and...","og_url":"https:\/\/saamelainenilmastoneuvosto.fi\/en\/saami-climate-council\/","og_site_name":"Saamelainen ilmastoneuvosto","article_modified_time":"2026-02-19T11:31:27+00:00","og_image":[{"width":2000,"height":1125,"url":"https:\/\/saamelainenilmastoneuvosto.fi\/wp-content\/uploads\/2024\/11\/ilmastoneuvosto_hero7.jpg","type":"image\/jpeg"}],"twitter_card":"summary_large_image","twitter_misc":{"Est. reading time":"2 minutes"},"schema":{"@context":"https:\/\/schema.org","@graph":[{"@type":"WebPage","@id":"https:\/\/saamelainenilmastoneuvosto.fi\/en\/saami-climate-council\/","url":"https:\/\/saamelainenilmastoneuvosto.fi\/en\/saami-climate-council\/","name":"Saamelainen ilmastoneuvosto - Saamelainen ilmastoneuvosto - Saami Climate Council","isPartOf":{"@id":"https:\/\/saamelainenilmastoneuvosto.fi\/en\/#website"},"primaryImageOfPage":{"@id":"https:\/\/saamelainenilmastoneuvosto.fi\/en\/saami-climate-council\/#primaryimage"},"image":{"@id":"https:\/\/saamelainenilmastoneuvosto.fi\/en\/saami-climate-council\/#primaryimage"},"thumbnailUrl":"https:\/\/saamelainenilmastoneuvosto.fi\/wp-content\/uploads\/2024\/11\/ilmastoneuvosto_hero7.jpg","datePublished":"2024-11-06T13:25:07+00:00","dateModified":"2026-02-19T11:31:27+00:00","breadcrumb":{"@id":"https:\/\/saamelainenilmastoneuvosto.fi\/en\/saami-climate-council\/#breadcrumb"},"inLanguage":"en-US","potentialAction":[{"@type":"ReadAction","target":["https:\/\/saamelainenilmastoneuvosto.fi\/en\/saami-climate-council\/"]}]},{"@type":"ImageObject","inLanguage":"en-US","@id":"https:\/\/saamelainenilmastoneuvosto.fi\/en\/saami-climate-council\/#primaryimage","url":"https:\/\/saamelainenilmastoneuvosto.fi\/wp-content\/uploads\/2024\/11\/ilmastoneuvosto_hero7.jpg","contentUrl":"https:\/\/saamelainenilmastoneuvosto.fi\/wp-content\/uploads\/2024\/11\/ilmastoneuvosto_hero7.jpg","width":2000,"height":1125},{"@type":"BreadcrumbList","@id":"https:\/\/saamelainenilmastoneuvosto.fi\/en\/saami-climate-council\/#breadcrumb","itemListElement":[{"@type":"ListItem","position":1,"name":"Home","item":"https:\/\/saamelainenilmastoneuvosto.fi\/en\/"},{"@type":"ListItem","position":2,"name":"Saami Climate Council"}]},{"@type":"WebSite","@id":"https:\/\/saamelainenilmastoneuvosto.fi\/en\/#website","url":"https:\/\/saamelainenilmastoneuvosto.fi\/en\/","name":"Saamelainen ilmastoneuvosto","description":"Saamelainen ilmastoneuvosto verkkosivut","publisher":{"@id":"https:\/\/saamelainenilmastoneuvosto.fi\/en\/#organization"},"potentialAction":[{"@type":"SearchAction","target":{"@type":"EntryPoint","urlTemplate":"https:\/\/saamelainenilmastoneuvosto.fi\/en\/?s={search_term_string}"},"query-input":{"@type":"PropertyValueSpecification","valueRequired":true,"valueName":"search_term_string"}}],"inLanguage":"en-US"},{"@type":"Organization","@id":"https:\/\/saamelainenilmastoneuvosto.fi\/en\/#organization","name":"Saamelainen ilmastoneuvosto","url":"https:\/\/saamelainenilmastoneuvosto.fi\/en\/","logo":{"@type":"ImageObject","inLanguage":"en-US","@id":"https:\/\/saamelainenilmastoneuvosto.fi\/en\/#\/schema\/logo\/image\/","url":"https:\/\/saamelainenilmastoneuvosto.fi\/wp-content\/uploads\/2024\/11\/s_favicon_512x512.png","contentUrl":"https:\/\/saamelainenilmastoneuvosto.fi\/wp-content\/uploads\/2024\/11\/s_favicon_512x512.png","width":512,"height":512,"caption":"Saamelainen ilmastoneuvosto"},"image":{"@id":"https:\/\/saamelainenilmastoneuvosto.fi\/en\/#\/schema\/logo\/image\/"}}]}},"_links":{"self":[{"href":"https:\/\/saamelainenilmastoneuvosto.fi\/en\/wp-json\/wp\/v2\/pages\/3024","targetHints":{"allow":["GET"]}}],"collection":[{"href":"https:\/\/saamelainenilmastoneuvosto.fi\/en\/wp-json\/wp\/v2\/pages"}],"about":[{"href":"https:\/\/saamelainenilmastoneuvosto.fi\/en\/wp-json\/wp\/v2\/types\/page"}],"author":[{"embeddable":true,"href":"https:\/\/saamelainenilmastoneuvosto.fi\/en\/wp-json\/wp\/v2\/users\/1"}],"replies":[{"embeddable":true,"href":"https:\/\/saamelainenilmastoneuvosto.fi\/en\/wp-json\/wp\/v2\/comments?post=3024"}],"version-history":[{"count":2,"href":"https:\/\/saamelainenilmastoneuvosto.fi\/en\/wp-json\/wp\/v2\/pages\/3024\/revisions"}],"predecessor-version":[{"id":3203,"href":"https:\/\/saamelainenilmastoneuvosto.fi\/en\/wp-json\/wp\/v2\/pages\/3024\/revisions\/3203"}],"wp:featuredmedia":[{"embeddable":true,"href":"https:\/\/saamelainenilmastoneuvosto.fi\/en\/wp-json\/wp\/v2\/media\/1926"}],"wp:attachment":[{"href":"https:\/\/saamelainenilmastoneuvosto.fi\/en\/wp-json\/wp\/v2\/media?parent=3024"}],"curies":[{"name":"wp","href":"https:\/\/api.w.org\/{rel}","templated":true}]}}