{"id":3022,"date":"2024-11-20T12:22:53","date_gmt":"2024-11-20T10:22:53","guid":{"rendered":"https:\/\/saamelainenilmastoneuvosto.fi\/?page_id=3022"},"modified":"2025-08-06T13:18:07","modified_gmt":"2025-08-06T10:18:07","slug":"secretariat","status":"publish","type":"page","link":"https:\/\/saamelainenilmastoneuvosto.fi\/en\/saami-climate-council\/secretariat\/","title":{"rendered":"Secretariat"},"content":{"rendered":"<h3>Klemetti N\u00e4kk\u00e4l\u00e4j\u00e4rvi<\/h3>\n<p><strong>Chair<\/strong><\/p>\n<p><a href=\"mailto:klemetti.nakkalajarvi@oulu.fi\">klemetti.nakkalajarvi@oulu.fi\u2028<\/a><br \/>\n+358 50 575 8984<\/p>\n<h3>Mari Kuoppamaa<\/h3>\n<p><strong>Coordinator<\/strong><\/p>\n<p><a href=\"mailto:mari.s.kuoppamaa@oulu.fi\u2028\">mari.s.kuoppamaa@oulu.fi\u2028<\/a><br \/>\n+358 50 412 1482<\/p>\n<p>Mari Kuoppamaa has training in palaeoecology with a background in studying the history of the Arctic vegetation. She has been working in several international projects that focused on reindeer herding and climate change effects in Nordic countries and Russia. Mari works as a coordinator in the Saami Climate Council secretariat at the University of Oulu.<\/p>\n<h3>Ulla Vesteri<\/h3>\n<p><strong>Secretary<\/strong><\/p>\n<p><a href=\"mailto:ulla.vesteri@oulu.fi\">ulla.vesteri@oulu.fi<\/a><br \/>\n+358 50 407 0160<\/p>\n<p>Ulla Vesteri has studied human rights and peace research. In her Master\u2019s thesis she studied the effects of climate change on the human security. Ulla works as a secretary in the Saami Climate Council secretariat at the University of Oulu.<\/p>\n","protected":false},"excerpt":{"rendered":"<p>Klemetti N\u00e4kk\u00e4l\u00e4j\u00e4rvi Chair klemetti.nakkalajarvi@oulu.fi\u2028 +358 50 575 8984 Mari Kuoppamaa Coordinator mari.s.kuoppamaa@oulu.fi\u2028 +358 50 412 1482 Mari Kuoppamaa has training in palaeoecology with a background in studying the history of the Arctic vegetation. She has been working in several international projects that focused on reindeer herding and climate change effects in Nordic countries and Russia&#8230;.<\/p>\n","protected":false},"author":1,"featured_media":1939,"parent":3024,"menu_order":0,"comment_status":"closed","ping_status":"closed","template":"","meta":{"_acf_changed":false,"footnotes":""},"class_list":["post-3022","page","type-page","status-publish","has-post-thumbnail","hentry"],"acf":[],"yoast_head":"<!-- This site is optimized with the Yoast SEO plugin v27.4 - https:\/\/yoast.com\/product\/yoast-seo-wordpress\/ -->\n<title>Saamelainen ilmastoneuvosto - Saamelainen ilmastoneuvosto - Secretariat<\/title>\n<meta name=\"robots\" content=\"index, follow, max-snippet:-1, max-image-preview:large, max-video-preview:-1\" \/>\n<link rel=\"canonical\" href=\"https:\/\/saamelainenilmastoneuvosto.fi\/en\/saami-climate-council\/secretariat\/\" \/>\n<meta property=\"og:locale\" content=\"en_US\" \/>\n<meta property=\"og:type\" content=\"article\" \/>\n<meta property=\"og:title\" content=\"Saamelainen ilmastoneuvosto - Saamelainen ilmastoneuvosto - Secretariat\" \/>\n<meta property=\"og:description\" content=\"Klemetti N\u00e4kk\u00e4l\u00e4j\u00e4rvi Chair klemetti.nakkalajarvi@oulu.fi\u2028 +358 50 575 8984 Mari Kuoppamaa Coordinator mari.s.kuoppamaa@oulu.fi\u2028 +358 50 412 1482 Mari Kuoppamaa has training in palaeoecology with a background in studying the history of the Arctic vegetation. She has been working in several international projects that focused on reindeer herding and climate change effects in Nordic countries and Russia....\" \/>\n<meta property=\"og:url\" content=\"https:\/\/saamelainenilmastoneuvosto.fi\/en\/saami-climate-council\/secretariat\/\" \/>\n<meta property=\"og:site_name\" content=\"Saamelainen ilmastoneuvosto\" \/>\n<meta property=\"article:modified_time\" content=\"2025-08-06T10:18:07+00:00\" \/>\n<meta property=\"og:image\" content=\"https:\/\/saamelainenilmastoneuvosto.fi\/wp-content\/uploads\/2024\/11\/ilmastoneuvosto_hero4-1.jpg\" \/>\n\t<meta property=\"og:image:width\" content=\"1921\" \/>\n\t<meta property=\"og:image:height\" content=\"1080\" \/>\n\t<meta property=\"og:image:type\" content=\"image\/jpeg\" \/>\n<meta name=\"twitter:card\" content=\"summary_large_image\" \/>\n<meta name=\"twitter:label1\" content=\"Est. reading time\" \/>\n\t<meta name=\"twitter:data1\" content=\"1 minute\" \/>\n<script type=\"application\/ld+json\" class=\"yoast-schema-graph\">{\"@context\":\"https:\\\/\\\/schema.org\",\"@graph\":[{\"@type\":\"WebPage\",\"@id\":\"https:\\\/\\\/saamelainenilmastoneuvosto.fi\\\/en\\\/saami-climate-council\\\/secretariat\\\/\",\"url\":\"https:\\\/\\\/saamelainenilmastoneuvosto.fi\\\/en\\\/saami-climate-council\\\/secretariat\\\/\",\"name\":\"Saamelainen ilmastoneuvosto - Saamelainen ilmastoneuvosto - Secretariat\",\"isPartOf\":{\"@id\":\"https:\\\/\\\/saamelainenilmastoneuvosto.fi\\\/en\\\/#website\"},\"primaryImageOfPage\":{\"@id\":\"https:\\\/\\\/saamelainenilmastoneuvosto.fi\\\/en\\\/saami-climate-council\\\/secretariat\\\/#primaryimage\"},\"image\":{\"@id\":\"https:\\\/\\\/saamelainenilmastoneuvosto.fi\\\/en\\\/saami-climate-council\\\/secretariat\\\/#primaryimage\"},\"thumbnailUrl\":\"https:\\\/\\\/saamelainenilmastoneuvosto.fi\\\/wp-content\\\/uploads\\\/2024\\\/11\\\/ilmastoneuvosto_hero4-1.jpg\",\"datePublished\":\"2024-11-20T10:22:53+00:00\",\"dateModified\":\"2025-08-06T10:18:07+00:00\",\"breadcrumb\":{\"@id\":\"https:\\\/\\\/saamelainenilmastoneuvosto.fi\\\/en\\\/saami-climate-council\\\/secretariat\\\/#breadcrumb\"},\"inLanguage\":\"en-US\",\"potentialAction\":[{\"@type\":\"ReadAction\",\"target\":[\"https:\\\/\\\/saamelainenilmastoneuvosto.fi\\\/en\\\/saami-climate-council\\\/secretariat\\\/\"]}]},{\"@type\":\"ImageObject\",\"inLanguage\":\"en-US\",\"@id\":\"https:\\\/\\\/saamelainenilmastoneuvosto.fi\\\/en\\\/saami-climate-council\\\/secretariat\\\/#primaryimage\",\"url\":\"https:\\\/\\\/saamelainenilmastoneuvosto.fi\\\/wp-content\\\/uploads\\\/2024\\\/11\\\/ilmastoneuvosto_hero4-1.jpg\",\"contentUrl\":\"https:\\\/\\\/saamelainenilmastoneuvosto.fi\\\/wp-content\\\/uploads\\\/2024\\\/11\\\/ilmastoneuvosto_hero4-1.jpg\",\"width\":1921,\"height\":1080},{\"@type\":\"BreadcrumbList\",\"@id\":\"https:\\\/\\\/saamelainenilmastoneuvosto.fi\\\/en\\\/saami-climate-council\\\/secretariat\\\/#breadcrumb\",\"itemListElement\":[{\"@type\":\"ListItem\",\"position\":1,\"name\":\"Home\",\"item\":\"https:\\\/\\\/saamelainenilmastoneuvosto.fi\\\/en\\\/\"},{\"@type\":\"ListItem\",\"position\":2,\"name\":\"Saami Climate Council\",\"item\":\"https:\\\/\\\/saamelainenilmastoneuvosto.fi\\\/en\\\/saami-climate-council\\\/\"},{\"@type\":\"ListItem\",\"position\":3,\"name\":\"Secretariat\"}]},{\"@type\":\"WebSite\",\"@id\":\"https:\\\/\\\/saamelainenilmastoneuvosto.fi\\\/en\\\/#website\",\"url\":\"https:\\\/\\\/saamelainenilmastoneuvosto.fi\\\/en\\\/\",\"name\":\"Saamelainen ilmastoneuvosto\",\"description\":\"Saamelainen ilmastoneuvosto verkkosivut\",\"publisher\":{\"@id\":\"https:\\\/\\\/saamelainenilmastoneuvosto.fi\\\/en\\\/#organization\"},\"potentialAction\":[{\"@type\":\"SearchAction\",\"target\":{\"@type\":\"EntryPoint\",\"urlTemplate\":\"https:\\\/\\\/saamelainenilmastoneuvosto.fi\\\/en\\\/?s={search_term_string}\"},\"query-input\":{\"@type\":\"PropertyValueSpecification\",\"valueRequired\":true,\"valueName\":\"search_term_string\"}}],\"inLanguage\":\"en-US\"},{\"@type\":\"Organization\",\"@id\":\"https:\\\/\\\/saamelainenilmastoneuvosto.fi\\\/en\\\/#organization\",\"name\":\"Saamelainen ilmastoneuvosto\",\"url\":\"https:\\\/\\\/saamelainenilmastoneuvosto.fi\\\/en\\\/\",\"logo\":{\"@type\":\"ImageObject\",\"inLanguage\":\"en-US\",\"@id\":\"https:\\\/\\\/saamelainenilmastoneuvosto.fi\\\/en\\\/#\\\/schema\\\/logo\\\/image\\\/\",\"url\":\"https:\\\/\\\/saamelainenilmastoneuvosto.fi\\\/wp-content\\\/uploads\\\/2024\\\/11\\\/s_favicon_512x512.png\",\"contentUrl\":\"https:\\\/\\\/saamelainenilmastoneuvosto.fi\\\/wp-content\\\/uploads\\\/2024\\\/11\\\/s_favicon_512x512.png\",\"width\":512,\"height\":512,\"caption\":\"Saamelainen ilmastoneuvosto\"},\"image\":{\"@id\":\"https:\\\/\\\/saamelainenilmastoneuvosto.fi\\\/en\\\/#\\\/schema\\\/logo\\\/image\\\/\"}}]}<\/script>\n<!-- \/ Yoast SEO plugin. -->","yoast_head_json":{"title":"Saamelainen ilmastoneuvosto - Saamelainen ilmastoneuvosto - Secretariat","robots":{"index":"index","follow":"follow","max-snippet":"max-snippet:-1","max-image-preview":"max-image-preview:large","max-video-preview":"max-video-preview:-1"},"canonical":"https:\/\/saamelainenilmastoneuvosto.fi\/en\/saami-climate-council\/secretariat\/","og_locale":"en_US","og_type":"article","og_title":"Saamelainen ilmastoneuvosto - Saamelainen ilmastoneuvosto - Secretariat","og_description":"Klemetti N\u00e4kk\u00e4l\u00e4j\u00e4rvi Chair klemetti.nakkalajarvi@oulu.fi\u2028 +358 50 575 8984 Mari Kuoppamaa Coordinator mari.s.kuoppamaa@oulu.fi\u2028 +358 50 412 1482 Mari Kuoppamaa has training in palaeoecology with a background in studying the history of the Arctic vegetation. She has been working in several international projects that focused on reindeer herding and climate change effects in Nordic countries and Russia....","og_url":"https:\/\/saamelainenilmastoneuvosto.fi\/en\/saami-climate-council\/secretariat\/","og_site_name":"Saamelainen ilmastoneuvosto","article_modified_time":"2025-08-06T10:18:07+00:00","og_image":[{"width":1921,"height":1080,"url":"https:\/\/saamelainenilmastoneuvosto.fi\/wp-content\/uploads\/2024\/11\/ilmastoneuvosto_hero4-1.jpg","type":"image\/jpeg"}],"twitter_card":"summary_large_image","twitter_misc":{"Est. reading time":"1 minute"},"schema":{"@context":"https:\/\/schema.org","@graph":[{"@type":"WebPage","@id":"https:\/\/saamelainenilmastoneuvosto.fi\/en\/saami-climate-council\/secretariat\/","url":"https:\/\/saamelainenilmastoneuvosto.fi\/en\/saami-climate-council\/secretariat\/","name":"Saamelainen ilmastoneuvosto - Saamelainen ilmastoneuvosto - Secretariat","isPartOf":{"@id":"https:\/\/saamelainenilmastoneuvosto.fi\/en\/#website"},"primaryImageOfPage":{"@id":"https:\/\/saamelainenilmastoneuvosto.fi\/en\/saami-climate-council\/secretariat\/#primaryimage"},"image":{"@id":"https:\/\/saamelainenilmastoneuvosto.fi\/en\/saami-climate-council\/secretariat\/#primaryimage"},"thumbnailUrl":"https:\/\/saamelainenilmastoneuvosto.fi\/wp-content\/uploads\/2024\/11\/ilmastoneuvosto_hero4-1.jpg","datePublished":"2024-11-20T10:22:53+00:00","dateModified":"2025-08-06T10:18:07+00:00","breadcrumb":{"@id":"https:\/\/saamelainenilmastoneuvosto.fi\/en\/saami-climate-council\/secretariat\/#breadcrumb"},"inLanguage":"en-US","potentialAction":[{"@type":"ReadAction","target":["https:\/\/saamelainenilmastoneuvosto.fi\/en\/saami-climate-council\/secretariat\/"]}]},{"@type":"ImageObject","inLanguage":"en-US","@id":"https:\/\/saamelainenilmastoneuvosto.fi\/en\/saami-climate-council\/secretariat\/#primaryimage","url":"https:\/\/saamelainenilmastoneuvosto.fi\/wp-content\/uploads\/2024\/11\/ilmastoneuvosto_hero4-1.jpg","contentUrl":"https:\/\/saamelainenilmastoneuvosto.fi\/wp-content\/uploads\/2024\/11\/ilmastoneuvosto_hero4-1.jpg","width":1921,"height":1080},{"@type":"BreadcrumbList","@id":"https:\/\/saamelainenilmastoneuvosto.fi\/en\/saami-climate-council\/secretariat\/#breadcrumb","itemListElement":[{"@type":"ListItem","position":1,"name":"Home","item":"https:\/\/saamelainenilmastoneuvosto.fi\/en\/"},{"@type":"ListItem","position":2,"name":"Saami Climate Council","item":"https:\/\/saamelainenilmastoneuvosto.fi\/en\/saami-climate-council\/"},{"@type":"ListItem","position":3,"name":"Secretariat"}]},{"@type":"WebSite","@id":"https:\/\/saamelainenilmastoneuvosto.fi\/en\/#website","url":"https:\/\/saamelainenilmastoneuvosto.fi\/en\/","name":"Saamelainen ilmastoneuvosto","description":"Saamelainen ilmastoneuvosto verkkosivut","publisher":{"@id":"https:\/\/saamelainenilmastoneuvosto.fi\/en\/#organization"},"potentialAction":[{"@type":"SearchAction","target":{"@type":"EntryPoint","urlTemplate":"https:\/\/saamelainenilmastoneuvosto.fi\/en\/?s={search_term_string}"},"query-input":{"@type":"PropertyValueSpecification","valueRequired":true,"valueName":"search_term_string"}}],"inLanguage":"en-US"},{"@type":"Organization","@id":"https:\/\/saamelainenilmastoneuvosto.fi\/en\/#organization","name":"Saamelainen ilmastoneuvosto","url":"https:\/\/saamelainenilmastoneuvosto.fi\/en\/","logo":{"@type":"ImageObject","inLanguage":"en-US","@id":"https:\/\/saamelainenilmastoneuvosto.fi\/en\/#\/schema\/logo\/image\/","url":"https:\/\/saamelainenilmastoneuvosto.fi\/wp-content\/uploads\/2024\/11\/s_favicon_512x512.png","contentUrl":"https:\/\/saamelainenilmastoneuvosto.fi\/wp-content\/uploads\/2024\/11\/s_favicon_512x512.png","width":512,"height":512,"caption":"Saamelainen ilmastoneuvosto"},"image":{"@id":"https:\/\/saamelainenilmastoneuvosto.fi\/en\/#\/schema\/logo\/image\/"}}]}},"_links":{"self":[{"href":"https:\/\/saamelainenilmastoneuvosto.fi\/en\/wp-json\/wp\/v2\/pages\/3022","targetHints":{"allow":["GET"]}}],"collection":[{"href":"https:\/\/saamelainenilmastoneuvosto.fi\/en\/wp-json\/wp\/v2\/pages"}],"about":[{"href":"https:\/\/saamelainenilmastoneuvosto.fi\/en\/wp-json\/wp\/v2\/types\/page"}],"author":[{"embeddable":true,"href":"https:\/\/saamelainenilmastoneuvosto.fi\/en\/wp-json\/wp\/v2\/users\/1"}],"replies":[{"embeddable":true,"href":"https:\/\/saamelainenilmastoneuvosto.fi\/en\/wp-json\/wp\/v2\/comments?post=3022"}],"version-history":[{"count":3,"href":"https:\/\/saamelainenilmastoneuvosto.fi\/en\/wp-json\/wp\/v2\/pages\/3022\/revisions"}],"predecessor-version":[{"id":3120,"href":"https:\/\/saamelainenilmastoneuvosto.fi\/en\/wp-json\/wp\/v2\/pages\/3022\/revisions\/3120"}],"up":[{"embeddable":true,"href":"https:\/\/saamelainenilmastoneuvosto.fi\/en\/wp-json\/wp\/v2\/pages\/3024"}],"wp:featuredmedia":[{"embeddable":true,"href":"https:\/\/saamelainenilmastoneuvosto.fi\/en\/wp-json\/wp\/v2\/media\/1939"}],"wp:attachment":[{"href":"https:\/\/saamelainenilmastoneuvosto.fi\/en\/wp-json\/wp\/v2\/media?parent=3022"}],"curies":[{"name":"wp","href":"https:\/\/api.w.org\/{rel}","templated":true}]}}