{"id":2819,"date":"2024-11-04T16:07:08","date_gmt":"2024-11-04T14:07:08","guid":{"rendered":"https:\/\/saamelainenilmastoneuvosto.fi\/?page_id=2819"},"modified":"2025-07-29T11:25:21","modified_gmt":"2025-07-29T08:25:21","slug":"oktavuohtadiedut","status":"publish","type":"page","link":"https:\/\/saamelainenilmastoneuvosto.fi\/dav\/oktavuohtadiedut\/","title":{"rendered":"Oktavuohtadie\u0111ut"},"content":{"rendered":"<h2>V\u00e1ldde oktavuo\u0111a!<\/h2>\n<h3>S\u00e1gadoalli<\/h3>\n<p><strong>Klemetti N\u00e4kk\u00e4l\u00e4j\u00e4rvi\u2028<\/strong><br \/><a href=\"mailto:klemetti.nakkalajarvi@oulu.fi\">klemetti.nakkalajarvi@oulu.fi<\/a><br \/>+358 50 575 8984<\/p>\n<h3>\u010c\u00e1llingoddi<\/h3>\n<p>D\u00e1buhat \u010d\u00e1llingotti \u0161lea\u0111gaboastta bakte: <a href=\"mailto:saamelainenilmastoneuvosto@oulu.fi\">saamelainenilmastoneuvosto@oulu.fi<\/a><\/p>\n<p><a href=\"https:\/\/saamelainenilmastoneuvosto.fi\/dav\/sami-dalkkadatraddi\/callingoddi\/\">\u010c\u00e1llingotti ear\u00e1  kont\u00e1ktadie\u0111ut<\/a><\/p>\n<h3>Boasta\u010dujuhus<\/h3>\n<p>Saamelaisen ilmastoneuvoston sihteerist\u00f6<br \/>CERH<br \/>PL 5000, FI-90014 Oulun yliopisto<\/p>\n<h3>Sosi\u00e1lala\u0161 media kan\u00e1lat<\/h3>\n<p>G\u00e1vnnat min \u010duovvova\u0161 kan\u00e1lain: <a href=\"https:\/\/www.linkedin.com\/company\/saamelainen-ilmastoneuvosto\" target=\"_blank\" rel=\"noopener\">LinkedIn<\/a>, <a href=\"https:\/\/www.facebook.com\/people\/Saamelainen-ilmastoneuvosto\/61564013221178\/\" target=\"_blank\" rel=\"noopener\">Facebook<\/a>, <a href=\"https:\/\/x.com\/Ilmastoneuvosto\/\" target=\"_blank\" rel=\"noopener\">X<\/a><\/p>\n","protected":false},"excerpt":{"rendered":"<p>V\u00e1ldde oktavuo\u0111a! S\u00e1gadoalli Klemetti N\u00e4kk\u00e4l\u00e4j\u00e4rvi\u2028klemetti.nakkalajarvi@oulu.fi+358 50 575 8984 \u010c\u00e1llingoddi D\u00e1buhat \u010d\u00e1llingotti \u0161lea\u0111gaboastta bakte: saamelainenilmastoneuvosto@oulu.fi \u010c\u00e1llingotti ear\u00e1 kont\u00e1ktadie\u0111ut Boasta\u010dujuhus Saamelaisen ilmastoneuvoston sihteerist\u00f6CERHPL 5000, FI-90014 Oulun yliopisto Sosi\u00e1lala\u0161 media kan\u00e1lat G\u00e1vnnat min \u010duovvova\u0161 kan\u00e1lain: LinkedIn, Facebook, X<\/p>\n","protected":false},"author":1,"featured_media":2820,"parent":0,"menu_order":0,"comment_status":"closed","ping_status":"closed","template":"","meta":{"_acf_changed":false,"footnotes":""},"class_list":["post-2819","page","type-page","status-publish","has-post-thumbnail","hentry"],"acf":[],"yoast_head":"<!-- This site is optimized with the Yoast SEO plugin v27.4 - https:\/\/yoast.com\/product\/yoast-seo-wordpress\/ -->\n<title>Saamelainen ilmastoneuvosto - Saamelainen ilmastoneuvosto - Oktavuohtadie\u0111ut<\/title>\n<meta name=\"robots\" content=\"index, follow, max-snippet:-1, max-image-preview:large, max-video-preview:-1\" \/>\n<link rel=\"canonical\" href=\"https:\/\/saamelainenilmastoneuvosto.fi\/dav\/oktavuohtadiedut\/\" \/>\n<meta property=\"og:locale\" content=\"en_US\" \/>\n<meta property=\"og:type\" content=\"article\" \/>\n<meta property=\"og:title\" content=\"Saamelainen ilmastoneuvosto - Saamelainen ilmastoneuvosto - Oktavuohtadie\u0111ut\" \/>\n<meta property=\"og:description\" content=\"V\u00e1ldde oktavuo\u0111a! S\u00e1gadoalli Klemetti N\u00e4kk\u00e4l\u00e4j\u00e4rvi\u2028klemetti.nakkalajarvi@oulu.fi+358 50 575 8984 \u010c\u00e1llingoddi D\u00e1buhat \u010d\u00e1llingotti \u0161lea\u0111gaboastta bakte: saamelainenilmastoneuvosto@oulu.fi \u010c\u00e1llingotti ear\u00e1 kont\u00e1ktadie\u0111ut Boasta\u010dujuhus Saamelaisen ilmastoneuvoston sihteerist\u00f6CERHPL 5000, FI-90014 Oulun yliopisto Sosi\u00e1lala\u0161 media kan\u00e1lat G\u00e1vnnat min \u010duovvova\u0161 kan\u00e1lain: LinkedIn, Facebook, X\" \/>\n<meta property=\"og:url\" content=\"https:\/\/saamelainenilmastoneuvosto.fi\/dav\/oktavuohtadiedut\/\" \/>\n<meta property=\"og:site_name\" content=\"Saamelainen ilmastoneuvosto\" \/>\n<meta property=\"article:modified_time\" content=\"2025-07-29T08:25:21+00:00\" \/>\n<meta property=\"og:image\" content=\"https:\/\/saamelainenilmastoneuvosto.fi\/wp-content\/uploads\/2024\/11\/ilmastoneuvosto_hero10.jpg\" \/>\n\t<meta property=\"og:image:width\" content=\"2000\" \/>\n\t<meta property=\"og:image:height\" content=\"1125\" \/>\n\t<meta property=\"og:image:type\" content=\"image\/jpeg\" \/>\n<meta name=\"twitter:card\" content=\"summary_large_image\" \/>\n<script type=\"application\/ld+json\" class=\"yoast-schema-graph\">{\"@context\":\"https:\\\/\\\/schema.org\",\"@graph\":[{\"@type\":\"WebPage\",\"@id\":\"https:\\\/\\\/saamelainenilmastoneuvosto.fi\\\/dav\\\/oktavuohtadiedut\\\/\",\"url\":\"https:\\\/\\\/saamelainenilmastoneuvosto.fi\\\/dav\\\/oktavuohtadiedut\\\/\",\"name\":\"Saamelainen ilmastoneuvosto - Saamelainen ilmastoneuvosto - Oktavuohtadie\u0111ut\",\"isPartOf\":{\"@id\":\"https:\\\/\\\/saamelainenilmastoneuvosto.fi\\\/dav\\\/#website\"},\"primaryImageOfPage\":{\"@id\":\"https:\\\/\\\/saamelainenilmastoneuvosto.fi\\\/dav\\\/oktavuohtadiedut\\\/#primaryimage\"},\"image\":{\"@id\":\"https:\\\/\\\/saamelainenilmastoneuvosto.fi\\\/dav\\\/oktavuohtadiedut\\\/#primaryimage\"},\"thumbnailUrl\":\"https:\\\/\\\/saamelainenilmastoneuvosto.fi\\\/wp-content\\\/uploads\\\/2024\\\/11\\\/ilmastoneuvosto_hero10.jpg\",\"datePublished\":\"2024-11-04T14:07:08+00:00\",\"dateModified\":\"2025-07-29T08:25:21+00:00\",\"breadcrumb\":{\"@id\":\"https:\\\/\\\/saamelainenilmastoneuvosto.fi\\\/dav\\\/oktavuohtadiedut\\\/#breadcrumb\"},\"inLanguage\":\"dav\",\"potentialAction\":[{\"@type\":\"ReadAction\",\"target\":[\"https:\\\/\\\/saamelainenilmastoneuvosto.fi\\\/dav\\\/oktavuohtadiedut\\\/\"]}]},{\"@type\":\"ImageObject\",\"inLanguage\":\"dav\",\"@id\":\"https:\\\/\\\/saamelainenilmastoneuvosto.fi\\\/dav\\\/oktavuohtadiedut\\\/#primaryimage\",\"url\":\"https:\\\/\\\/saamelainenilmastoneuvosto.fi\\\/wp-content\\\/uploads\\\/2024\\\/11\\\/ilmastoneuvosto_hero10.jpg\",\"contentUrl\":\"https:\\\/\\\/saamelainenilmastoneuvosto.fi\\\/wp-content\\\/uploads\\\/2024\\\/11\\\/ilmastoneuvosto_hero10.jpg\",\"width\":2000,\"height\":1125},{\"@type\":\"BreadcrumbList\",\"@id\":\"https:\\\/\\\/saamelainenilmastoneuvosto.fi\\\/dav\\\/oktavuohtadiedut\\\/#breadcrumb\",\"itemListElement\":[{\"@type\":\"ListItem\",\"position\":1,\"name\":\"S\u00e1mi d\u00e1lkk\u00e1datr\u00e1\u0111\u0111i\",\"item\":\"https:\\\/\\\/saamelainenilmastoneuvosto.fi\\\/dav\\\/\"},{\"@type\":\"ListItem\",\"position\":2,\"name\":\"Oktavuohtadie\u0111ut\"}]},{\"@type\":\"WebSite\",\"@id\":\"https:\\\/\\\/saamelainenilmastoneuvosto.fi\\\/dav\\\/#website\",\"url\":\"https:\\\/\\\/saamelainenilmastoneuvosto.fi\\\/dav\\\/\",\"name\":\"Saamelainen ilmastoneuvosto\",\"description\":\"Saamelainen ilmastoneuvosto verkkosivut\",\"publisher\":{\"@id\":\"https:\\\/\\\/saamelainenilmastoneuvosto.fi\\\/dav\\\/#organization\"},\"potentialAction\":[{\"@type\":\"SearchAction\",\"target\":{\"@type\":\"EntryPoint\",\"urlTemplate\":\"https:\\\/\\\/saamelainenilmastoneuvosto.fi\\\/dav\\\/?s={search_term_string}\"},\"query-input\":{\"@type\":\"PropertyValueSpecification\",\"valueRequired\":true,\"valueName\":\"search_term_string\"}}],\"inLanguage\":\"dav\"},{\"@type\":\"Organization\",\"@id\":\"https:\\\/\\\/saamelainenilmastoneuvosto.fi\\\/dav\\\/#organization\",\"name\":\"S\u00e1mi d\u00e1lkk\u00e1datr\u00e1\u0111\u0111i\",\"url\":\"https:\\\/\\\/saamelainenilmastoneuvosto.fi\\\/dav\\\/\",\"logo\":{\"@type\":\"ImageObject\",\"inLanguage\":\"dav\",\"@id\":\"https:\\\/\\\/saamelainenilmastoneuvosto.fi\\\/dav\\\/#\\\/schema\\\/logo\\\/image\\\/\",\"url\":\"https:\\\/\\\/saamelainenilmastoneuvosto.fi\\\/wp-content\\\/uploads\\\/2024\\\/11\\\/s_favicon_512x512.png\",\"contentUrl\":\"https:\\\/\\\/saamelainenilmastoneuvosto.fi\\\/wp-content\\\/uploads\\\/2024\\\/11\\\/s_favicon_512x512.png\",\"width\":512,\"height\":512,\"caption\":\"S\u00e1mi d\u00e1lkk\u00e1datr\u00e1\u0111\u0111i\"},\"image\":{\"@id\":\"https:\\\/\\\/saamelainenilmastoneuvosto.fi\\\/dav\\\/#\\\/schema\\\/logo\\\/image\\\/\"}}]}<\/script>\n<!-- \/ Yoast SEO plugin. -->","yoast_head_json":{"title":"Saamelainen ilmastoneuvosto - Saamelainen ilmastoneuvosto - Oktavuohtadie\u0111ut","robots":{"index":"index","follow":"follow","max-snippet":"max-snippet:-1","max-image-preview":"max-image-preview:large","max-video-preview":"max-video-preview:-1"},"canonical":"https:\/\/saamelainenilmastoneuvosto.fi\/dav\/oktavuohtadiedut\/","og_locale":"en_US","og_type":"article","og_title":"Saamelainen ilmastoneuvosto - Saamelainen ilmastoneuvosto - Oktavuohtadie\u0111ut","og_description":"V\u00e1ldde oktavuo\u0111a! S\u00e1gadoalli Klemetti N\u00e4kk\u00e4l\u00e4j\u00e4rvi\u2028klemetti.nakkalajarvi@oulu.fi+358 50 575 8984 \u010c\u00e1llingoddi D\u00e1buhat \u010d\u00e1llingotti \u0161lea\u0111gaboastta bakte: saamelainenilmastoneuvosto@oulu.fi \u010c\u00e1llingotti ear\u00e1 kont\u00e1ktadie\u0111ut Boasta\u010dujuhus Saamelaisen ilmastoneuvoston sihteerist\u00f6CERHPL 5000, FI-90014 Oulun yliopisto Sosi\u00e1lala\u0161 media kan\u00e1lat G\u00e1vnnat min \u010duovvova\u0161 kan\u00e1lain: LinkedIn, Facebook, X","og_url":"https:\/\/saamelainenilmastoneuvosto.fi\/dav\/oktavuohtadiedut\/","og_site_name":"Saamelainen ilmastoneuvosto","article_modified_time":"2025-07-29T08:25:21+00:00","og_image":[{"width":2000,"height":1125,"url":"https:\/\/saamelainenilmastoneuvosto.fi\/wp-content\/uploads\/2024\/11\/ilmastoneuvosto_hero10.jpg","type":"image\/jpeg"}],"twitter_card":"summary_large_image","schema":{"@context":"https:\/\/schema.org","@graph":[{"@type":"WebPage","@id":"https:\/\/saamelainenilmastoneuvosto.fi\/dav\/oktavuohtadiedut\/","url":"https:\/\/saamelainenilmastoneuvosto.fi\/dav\/oktavuohtadiedut\/","name":"Saamelainen ilmastoneuvosto - Saamelainen ilmastoneuvosto - Oktavuohtadie\u0111ut","isPartOf":{"@id":"https:\/\/saamelainenilmastoneuvosto.fi\/dav\/#website"},"primaryImageOfPage":{"@id":"https:\/\/saamelainenilmastoneuvosto.fi\/dav\/oktavuohtadiedut\/#primaryimage"},"image":{"@id":"https:\/\/saamelainenilmastoneuvosto.fi\/dav\/oktavuohtadiedut\/#primaryimage"},"thumbnailUrl":"https:\/\/saamelainenilmastoneuvosto.fi\/wp-content\/uploads\/2024\/11\/ilmastoneuvosto_hero10.jpg","datePublished":"2024-11-04T14:07:08+00:00","dateModified":"2025-07-29T08:25:21+00:00","breadcrumb":{"@id":"https:\/\/saamelainenilmastoneuvosto.fi\/dav\/oktavuohtadiedut\/#breadcrumb"},"inLanguage":"dav","potentialAction":[{"@type":"ReadAction","target":["https:\/\/saamelainenilmastoneuvosto.fi\/dav\/oktavuohtadiedut\/"]}]},{"@type":"ImageObject","inLanguage":"dav","@id":"https:\/\/saamelainenilmastoneuvosto.fi\/dav\/oktavuohtadiedut\/#primaryimage","url":"https:\/\/saamelainenilmastoneuvosto.fi\/wp-content\/uploads\/2024\/11\/ilmastoneuvosto_hero10.jpg","contentUrl":"https:\/\/saamelainenilmastoneuvosto.fi\/wp-content\/uploads\/2024\/11\/ilmastoneuvosto_hero10.jpg","width":2000,"height":1125},{"@type":"BreadcrumbList","@id":"https:\/\/saamelainenilmastoneuvosto.fi\/dav\/oktavuohtadiedut\/#breadcrumb","itemListElement":[{"@type":"ListItem","position":1,"name":"S\u00e1mi d\u00e1lkk\u00e1datr\u00e1\u0111\u0111i","item":"https:\/\/saamelainenilmastoneuvosto.fi\/dav\/"},{"@type":"ListItem","position":2,"name":"Oktavuohtadie\u0111ut"}]},{"@type":"WebSite","@id":"https:\/\/saamelainenilmastoneuvosto.fi\/dav\/#website","url":"https:\/\/saamelainenilmastoneuvosto.fi\/dav\/","name":"Saamelainen ilmastoneuvosto","description":"Saamelainen ilmastoneuvosto verkkosivut","publisher":{"@id":"https:\/\/saamelainenilmastoneuvosto.fi\/dav\/#organization"},"potentialAction":[{"@type":"SearchAction","target":{"@type":"EntryPoint","urlTemplate":"https:\/\/saamelainenilmastoneuvosto.fi\/dav\/?s={search_term_string}"},"query-input":{"@type":"PropertyValueSpecification","valueRequired":true,"valueName":"search_term_string"}}],"inLanguage":"dav"},{"@type":"Organization","@id":"https:\/\/saamelainenilmastoneuvosto.fi\/dav\/#organization","name":"S\u00e1mi d\u00e1lkk\u00e1datr\u00e1\u0111\u0111i","url":"https:\/\/saamelainenilmastoneuvosto.fi\/dav\/","logo":{"@type":"ImageObject","inLanguage":"dav","@id":"https:\/\/saamelainenilmastoneuvosto.fi\/dav\/#\/schema\/logo\/image\/","url":"https:\/\/saamelainenilmastoneuvosto.fi\/wp-content\/uploads\/2024\/11\/s_favicon_512x512.png","contentUrl":"https:\/\/saamelainenilmastoneuvosto.fi\/wp-content\/uploads\/2024\/11\/s_favicon_512x512.png","width":512,"height":512,"caption":"S\u00e1mi d\u00e1lkk\u00e1datr\u00e1\u0111\u0111i"},"image":{"@id":"https:\/\/saamelainenilmastoneuvosto.fi\/dav\/#\/schema\/logo\/image\/"}}]}},"_links":{"self":[{"href":"https:\/\/saamelainenilmastoneuvosto.fi\/dav\/wp-json\/wp\/v2\/pages\/2819","targetHints":{"allow":["GET"]}}],"collection":[{"href":"https:\/\/saamelainenilmastoneuvosto.fi\/dav\/wp-json\/wp\/v2\/pages"}],"about":[{"href":"https:\/\/saamelainenilmastoneuvosto.fi\/dav\/wp-json\/wp\/v2\/types\/page"}],"author":[{"embeddable":true,"href":"https:\/\/saamelainenilmastoneuvosto.fi\/dav\/wp-json\/wp\/v2\/users\/1"}],"replies":[{"embeddable":true,"href":"https:\/\/saamelainenilmastoneuvosto.fi\/dav\/wp-json\/wp\/v2\/comments?post=2819"}],"version-history":[{"count":2,"href":"https:\/\/saamelainenilmastoneuvosto.fi\/dav\/wp-json\/wp\/v2\/pages\/2819\/revisions"}],"predecessor-version":[{"id":3035,"href":"https:\/\/saamelainenilmastoneuvosto.fi\/dav\/wp-json\/wp\/v2\/pages\/2819\/revisions\/3035"}],"wp:featuredmedia":[{"embeddable":true,"href":"https:\/\/saamelainenilmastoneuvosto.fi\/dav\/wp-json\/wp\/v2\/media\/2820"}],"wp:attachment":[{"href":"https:\/\/saamelainenilmastoneuvosto.fi\/dav\/wp-json\/wp\/v2\/media?parent=2819"}],"curies":[{"name":"wp","href":"https:\/\/api.w.org\/{rel}","templated":true}]}}