{"id":2816,"date":"2024-11-20T12:22:53","date_gmt":"2024-11-20T10:22:53","guid":{"rendered":"https:\/\/saamelainenilmastoneuvosto.fi\/?page_id=2816"},"modified":"2025-07-29T15:05:55","modified_gmt":"2025-07-29T12:05:55","slug":"callingoddi","status":"publish","type":"page","link":"https:\/\/saamelainenilmastoneuvosto.fi\/dav\/sami-dalkkadatraddi\/callingoddi\/","title":{"rendered":"\u010c\u00e1llingoddi"},"content":{"rendered":"<h3>Klemetti N\u00e4kk\u00e4l\u00e4j\u00e4rvi<\/h3>\n<p><strong>S\u00e1gadoalli <\/strong><\/p>\n<p><a href=\"mailto:klemetti.nakkalajarvi@oulu.fi\">klemetti.nakkalajarvi@oulu.fi\u2028<\/a><br \/>+358 50 575 8984<\/p>\n<h3>Mari Kuoppamaa<\/h3>\n<p><strong>Koordin\u00e1htor<\/strong><\/p>\n<p><a href=\"mailto:mari.s.kuoppamaa@oulu.fi\u2028\">mari.s.kuoppamaa@oulu.fi\u2028<\/a><br \/>+358 50 412 1482<\/p>\n<p>Mari Kuoppamaas lea paleoekologa oahppu, man duog\u00e1\u0161 lea \u00c1rktala\u0161 guovllu \u0161addogearddi historjj\u00e1 dutkamu\u0161as. Son lea bargan m\u00e1\u014bggain riikkaidgaskasa\u0161 pro\u0161eavttain, mat leat \u010dik\u014bon boazodoalu ja d\u00e1lkk\u00e1datrievdama oktiiheiveheapm\u00e1i Davviriikkain ja Ruo\u0161\u0161as. Mari barg\u00e1 s\u00e1mi d\u00e1lkk\u00e1datr\u00e1\u0111i koordin\u00e1htorin S\u00e1mi d\u00e1lkk\u00e1datr\u00e1\u0111i \u010d\u00e1llingottis Oulus.<\/p>\n<h3>Ulla Vesteri<\/h3>\n<p><strong>\u010c\u00e1lli<\/strong><\/p>\n<p><a href=\"mailto:ulla.vesteri@oulu.fi\">ulla.vesteri@oulu.fi<\/a><br \/>+358 50 407 0160<\/p>\n<p>Ulla Vesteri lea stu\u0111eren olmmo\u0161rivttiid ja r\u00e1fidutkama. Magisttarbarggustis (pro gradu) Ulla dutkkai d\u00e1lkk\u00e1datrievdama v\u00e1ikkuhusaid olmmo\u0161la\u0161 dorvvola\u0161vuhtii. Ulla barg\u00e1 s\u00e1mi d\u00e1lkk\u00e1datr\u00e1\u0111i \u010d\u00e1llin Oulus, d\u00e1lkk\u00e1datr\u00e1\u0111i \u010d\u00e1llingottis.<\/p>\n","protected":false},"excerpt":{"rendered":"<p>Klemetti N\u00e4kk\u00e4l\u00e4j\u00e4rvi S\u00e1gadoalli klemetti.nakkalajarvi@oulu.fi\u2028+358 50 575 8984 Mari Kuoppamaa Koordin\u00e1htor mari.s.kuoppamaa@oulu.fi\u2028+358 50 412 1482 Mari Kuoppamaas lea paleoekologa oahppu, man duog\u00e1\u0161 lea \u00c1rktala\u0161 guovllu \u0161addogearddi historjj\u00e1 dutkamu\u0161as. Son lea bargan m\u00e1\u014bggain riikkaidgaskasa\u0161 pro\u0161eavttain, mat leat \u010dik\u014bon boazodoalu ja d\u00e1lkk\u00e1datrievdama oktiiheiveheapm\u00e1i Davviriikkain ja Ruo\u0161\u0161as. Mari barg\u00e1 s\u00e1mi d\u00e1lkk\u00e1datr\u00e1\u0111i koordin\u00e1htorin S\u00e1mi d\u00e1lkk\u00e1datr\u00e1\u0111i \u010d\u00e1llingottis Oulus. Ulla Vesteri \u010c\u00e1lli&#8230;<\/p>\n","protected":false},"author":1,"featured_media":2817,"parent":2803,"menu_order":0,"comment_status":"closed","ping_status":"closed","template":"","meta":{"_acf_changed":false,"footnotes":""},"class_list":["post-2816","page","type-page","status-publish","has-post-thumbnail","hentry"],"acf":[],"yoast_head":"<!-- This site is optimized with the Yoast SEO plugin v27.4 - https:\/\/yoast.com\/product\/yoast-seo-wordpress\/ -->\n<title>Saamelainen ilmastoneuvosto - Saamelainen ilmastoneuvosto - \u010c\u00e1llingoddi<\/title>\n<meta name=\"robots\" content=\"index, follow, max-snippet:-1, max-image-preview:large, max-video-preview:-1\" \/>\n<link rel=\"canonical\" href=\"https:\/\/saamelainenilmastoneuvosto.fi\/dav\/sami-dalkkadatraddi\/callingoddi\/\" \/>\n<meta property=\"og:locale\" content=\"en_US\" \/>\n<meta property=\"og:type\" content=\"article\" \/>\n<meta property=\"og:title\" content=\"Saamelainen ilmastoneuvosto - Saamelainen ilmastoneuvosto - \u010c\u00e1llingoddi\" \/>\n<meta property=\"og:description\" content=\"Klemetti N\u00e4kk\u00e4l\u00e4j\u00e4rvi S\u00e1gadoalli klemetti.nakkalajarvi@oulu.fi\u2028+358 50 575 8984 Mari Kuoppamaa Koordin\u00e1htor mari.s.kuoppamaa@oulu.fi\u2028+358 50 412 1482 Mari Kuoppamaas lea paleoekologa oahppu, man duog\u00e1\u0161 lea \u00c1rktala\u0161 guovllu \u0161addogearddi historjj\u00e1 dutkamu\u0161as. Son lea bargan m\u00e1\u014bggain riikkaidgaskasa\u0161 pro\u0161eavttain, mat leat \u010dik\u014bon boazodoalu ja d\u00e1lkk\u00e1datrievdama oktiiheiveheapm\u00e1i Davviriikkain ja Ruo\u0161\u0161as. Mari barg\u00e1 s\u00e1mi d\u00e1lkk\u00e1datr\u00e1\u0111i koordin\u00e1htorin S\u00e1mi d\u00e1lkk\u00e1datr\u00e1\u0111i \u010d\u00e1llingottis Oulus. Ulla Vesteri \u010c\u00e1lli...\" \/>\n<meta property=\"og:url\" content=\"https:\/\/saamelainenilmastoneuvosto.fi\/dav\/sami-dalkkadatraddi\/callingoddi\/\" \/>\n<meta property=\"og:site_name\" content=\"Saamelainen ilmastoneuvosto\" \/>\n<meta property=\"article:modified_time\" content=\"2025-07-29T12:05:55+00:00\" \/>\n<meta property=\"og:image\" content=\"https:\/\/saamelainenilmastoneuvosto.fi\/wp-content\/uploads\/2024\/11\/ilmastoneuvosto_hero4-1.jpg\" \/>\n\t<meta property=\"og:image:width\" content=\"1921\" \/>\n\t<meta property=\"og:image:height\" content=\"1080\" \/>\n\t<meta property=\"og:image:type\" content=\"image\/jpeg\" \/>\n<meta name=\"twitter:card\" content=\"summary_large_image\" \/>\n<meta name=\"twitter:label1\" content=\"Est. reading time\" \/>\n\t<meta name=\"twitter:data1\" content=\"1 minute\" \/>\n<script type=\"application\/ld+json\" class=\"yoast-schema-graph\">{\"@context\":\"https:\\\/\\\/schema.org\",\"@graph\":[{\"@type\":\"WebPage\",\"@id\":\"https:\\\/\\\/saamelainenilmastoneuvosto.fi\\\/dav\\\/sami-dalkkadatraddi\\\/callingoddi\\\/\",\"url\":\"https:\\\/\\\/saamelainenilmastoneuvosto.fi\\\/dav\\\/sami-dalkkadatraddi\\\/callingoddi\\\/\",\"name\":\"Saamelainen ilmastoneuvosto - Saamelainen ilmastoneuvosto - \u010c\u00e1llingoddi\",\"isPartOf\":{\"@id\":\"https:\\\/\\\/saamelainenilmastoneuvosto.fi\\\/dav\\\/#website\"},\"primaryImageOfPage\":{\"@id\":\"https:\\\/\\\/saamelainenilmastoneuvosto.fi\\\/dav\\\/sami-dalkkadatraddi\\\/callingoddi\\\/#primaryimage\"},\"image\":{\"@id\":\"https:\\\/\\\/saamelainenilmastoneuvosto.fi\\\/dav\\\/sami-dalkkadatraddi\\\/callingoddi\\\/#primaryimage\"},\"thumbnailUrl\":\"https:\\\/\\\/saamelainenilmastoneuvosto.fi\\\/wp-content\\\/uploads\\\/2024\\\/11\\\/ilmastoneuvosto_hero4-1.jpg\",\"datePublished\":\"2024-11-20T10:22:53+00:00\",\"dateModified\":\"2025-07-29T12:05:55+00:00\",\"breadcrumb\":{\"@id\":\"https:\\\/\\\/saamelainenilmastoneuvosto.fi\\\/dav\\\/sami-dalkkadatraddi\\\/callingoddi\\\/#breadcrumb\"},\"inLanguage\":\"dav\",\"potentialAction\":[{\"@type\":\"ReadAction\",\"target\":[\"https:\\\/\\\/saamelainenilmastoneuvosto.fi\\\/dav\\\/sami-dalkkadatraddi\\\/callingoddi\\\/\"]}]},{\"@type\":\"ImageObject\",\"inLanguage\":\"dav\",\"@id\":\"https:\\\/\\\/saamelainenilmastoneuvosto.fi\\\/dav\\\/sami-dalkkadatraddi\\\/callingoddi\\\/#primaryimage\",\"url\":\"https:\\\/\\\/saamelainenilmastoneuvosto.fi\\\/wp-content\\\/uploads\\\/2024\\\/11\\\/ilmastoneuvosto_hero4-1.jpg\",\"contentUrl\":\"https:\\\/\\\/saamelainenilmastoneuvosto.fi\\\/wp-content\\\/uploads\\\/2024\\\/11\\\/ilmastoneuvosto_hero4-1.jpg\",\"width\":1921,\"height\":1080},{\"@type\":\"BreadcrumbList\",\"@id\":\"https:\\\/\\\/saamelainenilmastoneuvosto.fi\\\/dav\\\/sami-dalkkadatraddi\\\/callingoddi\\\/#breadcrumb\",\"itemListElement\":[{\"@type\":\"ListItem\",\"position\":1,\"name\":\"S\u00e1mi d\u00e1lkk\u00e1datr\u00e1\u0111\u0111i\",\"item\":\"https:\\\/\\\/saamelainenilmastoneuvosto.fi\\\/dav\\\/\"},{\"@type\":\"ListItem\",\"position\":2,\"name\":\"S\u00e1mi d\u00e1lkk\u00e1datr\u00e1\u0111\u0111i\",\"item\":\"https:\\\/\\\/saamelainenilmastoneuvosto.fi\\\/dav\\\/sami-dalkkadatraddi\\\/\"},{\"@type\":\"ListItem\",\"position\":3,\"name\":\"\u010c\u00e1llingoddi\"}]},{\"@type\":\"WebSite\",\"@id\":\"https:\\\/\\\/saamelainenilmastoneuvosto.fi\\\/dav\\\/#website\",\"url\":\"https:\\\/\\\/saamelainenilmastoneuvosto.fi\\\/dav\\\/\",\"name\":\"Saamelainen ilmastoneuvosto\",\"description\":\"Saamelainen ilmastoneuvosto verkkosivut\",\"publisher\":{\"@id\":\"https:\\\/\\\/saamelainenilmastoneuvosto.fi\\\/dav\\\/#organization\"},\"potentialAction\":[{\"@type\":\"SearchAction\",\"target\":{\"@type\":\"EntryPoint\",\"urlTemplate\":\"https:\\\/\\\/saamelainenilmastoneuvosto.fi\\\/dav\\\/?s={search_term_string}\"},\"query-input\":{\"@type\":\"PropertyValueSpecification\",\"valueRequired\":true,\"valueName\":\"search_term_string\"}}],\"inLanguage\":\"dav\"},{\"@type\":\"Organization\",\"@id\":\"https:\\\/\\\/saamelainenilmastoneuvosto.fi\\\/dav\\\/#organization\",\"name\":\"S\u00e1mi d\u00e1lkk\u00e1datr\u00e1\u0111\u0111i\",\"url\":\"https:\\\/\\\/saamelainenilmastoneuvosto.fi\\\/dav\\\/\",\"logo\":{\"@type\":\"ImageObject\",\"inLanguage\":\"dav\",\"@id\":\"https:\\\/\\\/saamelainenilmastoneuvosto.fi\\\/dav\\\/#\\\/schema\\\/logo\\\/image\\\/\",\"url\":\"https:\\\/\\\/saamelainenilmastoneuvosto.fi\\\/wp-content\\\/uploads\\\/2024\\\/11\\\/s_favicon_512x512.png\",\"contentUrl\":\"https:\\\/\\\/saamelainenilmastoneuvosto.fi\\\/wp-content\\\/uploads\\\/2024\\\/11\\\/s_favicon_512x512.png\",\"width\":512,\"height\":512,\"caption\":\"S\u00e1mi d\u00e1lkk\u00e1datr\u00e1\u0111\u0111i\"},\"image\":{\"@id\":\"https:\\\/\\\/saamelainenilmastoneuvosto.fi\\\/dav\\\/#\\\/schema\\\/logo\\\/image\\\/\"}}]}<\/script>\n<!-- \/ Yoast SEO plugin. -->","yoast_head_json":{"title":"Saamelainen ilmastoneuvosto - Saamelainen ilmastoneuvosto - \u010c\u00e1llingoddi","robots":{"index":"index","follow":"follow","max-snippet":"max-snippet:-1","max-image-preview":"max-image-preview:large","max-video-preview":"max-video-preview:-1"},"canonical":"https:\/\/saamelainenilmastoneuvosto.fi\/dav\/sami-dalkkadatraddi\/callingoddi\/","og_locale":"en_US","og_type":"article","og_title":"Saamelainen ilmastoneuvosto - Saamelainen ilmastoneuvosto - \u010c\u00e1llingoddi","og_description":"Klemetti N\u00e4kk\u00e4l\u00e4j\u00e4rvi S\u00e1gadoalli klemetti.nakkalajarvi@oulu.fi\u2028+358 50 575 8984 Mari Kuoppamaa Koordin\u00e1htor mari.s.kuoppamaa@oulu.fi\u2028+358 50 412 1482 Mari Kuoppamaas lea paleoekologa oahppu, man duog\u00e1\u0161 lea \u00c1rktala\u0161 guovllu \u0161addogearddi historjj\u00e1 dutkamu\u0161as. Son lea bargan m\u00e1\u014bggain riikkaidgaskasa\u0161 pro\u0161eavttain, mat leat \u010dik\u014bon boazodoalu ja d\u00e1lkk\u00e1datrievdama oktiiheiveheapm\u00e1i Davviriikkain ja Ruo\u0161\u0161as. Mari barg\u00e1 s\u00e1mi d\u00e1lkk\u00e1datr\u00e1\u0111i koordin\u00e1htorin S\u00e1mi d\u00e1lkk\u00e1datr\u00e1\u0111i \u010d\u00e1llingottis Oulus. Ulla Vesteri \u010c\u00e1lli...","og_url":"https:\/\/saamelainenilmastoneuvosto.fi\/dav\/sami-dalkkadatraddi\/callingoddi\/","og_site_name":"Saamelainen ilmastoneuvosto","article_modified_time":"2025-07-29T12:05:55+00:00","og_image":[{"width":1921,"height":1080,"url":"https:\/\/saamelainenilmastoneuvosto.fi\/wp-content\/uploads\/2024\/11\/ilmastoneuvosto_hero4-1.jpg","type":"image\/jpeg"}],"twitter_card":"summary_large_image","twitter_misc":{"Est. reading time":"1 minute"},"schema":{"@context":"https:\/\/schema.org","@graph":[{"@type":"WebPage","@id":"https:\/\/saamelainenilmastoneuvosto.fi\/dav\/sami-dalkkadatraddi\/callingoddi\/","url":"https:\/\/saamelainenilmastoneuvosto.fi\/dav\/sami-dalkkadatraddi\/callingoddi\/","name":"Saamelainen ilmastoneuvosto - Saamelainen ilmastoneuvosto - \u010c\u00e1llingoddi","isPartOf":{"@id":"https:\/\/saamelainenilmastoneuvosto.fi\/dav\/#website"},"primaryImageOfPage":{"@id":"https:\/\/saamelainenilmastoneuvosto.fi\/dav\/sami-dalkkadatraddi\/callingoddi\/#primaryimage"},"image":{"@id":"https:\/\/saamelainenilmastoneuvosto.fi\/dav\/sami-dalkkadatraddi\/callingoddi\/#primaryimage"},"thumbnailUrl":"https:\/\/saamelainenilmastoneuvosto.fi\/wp-content\/uploads\/2024\/11\/ilmastoneuvosto_hero4-1.jpg","datePublished":"2024-11-20T10:22:53+00:00","dateModified":"2025-07-29T12:05:55+00:00","breadcrumb":{"@id":"https:\/\/saamelainenilmastoneuvosto.fi\/dav\/sami-dalkkadatraddi\/callingoddi\/#breadcrumb"},"inLanguage":"dav","potentialAction":[{"@type":"ReadAction","target":["https:\/\/saamelainenilmastoneuvosto.fi\/dav\/sami-dalkkadatraddi\/callingoddi\/"]}]},{"@type":"ImageObject","inLanguage":"dav","@id":"https:\/\/saamelainenilmastoneuvosto.fi\/dav\/sami-dalkkadatraddi\/callingoddi\/#primaryimage","url":"https:\/\/saamelainenilmastoneuvosto.fi\/wp-content\/uploads\/2024\/11\/ilmastoneuvosto_hero4-1.jpg","contentUrl":"https:\/\/saamelainenilmastoneuvosto.fi\/wp-content\/uploads\/2024\/11\/ilmastoneuvosto_hero4-1.jpg","width":1921,"height":1080},{"@type":"BreadcrumbList","@id":"https:\/\/saamelainenilmastoneuvosto.fi\/dav\/sami-dalkkadatraddi\/callingoddi\/#breadcrumb","itemListElement":[{"@type":"ListItem","position":1,"name":"S\u00e1mi d\u00e1lkk\u00e1datr\u00e1\u0111\u0111i","item":"https:\/\/saamelainenilmastoneuvosto.fi\/dav\/"},{"@type":"ListItem","position":2,"name":"S\u00e1mi d\u00e1lkk\u00e1datr\u00e1\u0111\u0111i","item":"https:\/\/saamelainenilmastoneuvosto.fi\/dav\/sami-dalkkadatraddi\/"},{"@type":"ListItem","position":3,"name":"\u010c\u00e1llingoddi"}]},{"@type":"WebSite","@id":"https:\/\/saamelainenilmastoneuvosto.fi\/dav\/#website","url":"https:\/\/saamelainenilmastoneuvosto.fi\/dav\/","name":"Saamelainen ilmastoneuvosto","description":"Saamelainen ilmastoneuvosto verkkosivut","publisher":{"@id":"https:\/\/saamelainenilmastoneuvosto.fi\/dav\/#organization"},"potentialAction":[{"@type":"SearchAction","target":{"@type":"EntryPoint","urlTemplate":"https:\/\/saamelainenilmastoneuvosto.fi\/dav\/?s={search_term_string}"},"query-input":{"@type":"PropertyValueSpecification","valueRequired":true,"valueName":"search_term_string"}}],"inLanguage":"dav"},{"@type":"Organization","@id":"https:\/\/saamelainenilmastoneuvosto.fi\/dav\/#organization","name":"S\u00e1mi d\u00e1lkk\u00e1datr\u00e1\u0111\u0111i","url":"https:\/\/saamelainenilmastoneuvosto.fi\/dav\/","logo":{"@type":"ImageObject","inLanguage":"dav","@id":"https:\/\/saamelainenilmastoneuvosto.fi\/dav\/#\/schema\/logo\/image\/","url":"https:\/\/saamelainenilmastoneuvosto.fi\/wp-content\/uploads\/2024\/11\/s_favicon_512x512.png","contentUrl":"https:\/\/saamelainenilmastoneuvosto.fi\/wp-content\/uploads\/2024\/11\/s_favicon_512x512.png","width":512,"height":512,"caption":"S\u00e1mi d\u00e1lkk\u00e1datr\u00e1\u0111\u0111i"},"image":{"@id":"https:\/\/saamelainenilmastoneuvosto.fi\/dav\/#\/schema\/logo\/image\/"}}]}},"_links":{"self":[{"href":"https:\/\/saamelainenilmastoneuvosto.fi\/dav\/wp-json\/wp\/v2\/pages\/2816","targetHints":{"allow":["GET"]}}],"collection":[{"href":"https:\/\/saamelainenilmastoneuvosto.fi\/dav\/wp-json\/wp\/v2\/pages"}],"about":[{"href":"https:\/\/saamelainenilmastoneuvosto.fi\/dav\/wp-json\/wp\/v2\/types\/page"}],"author":[{"embeddable":true,"href":"https:\/\/saamelainenilmastoneuvosto.fi\/dav\/wp-json\/wp\/v2\/users\/1"}],"replies":[{"embeddable":true,"href":"https:\/\/saamelainenilmastoneuvosto.fi\/dav\/wp-json\/wp\/v2\/comments?post=2816"}],"version-history":[{"count":3,"href":"https:\/\/saamelainenilmastoneuvosto.fi\/dav\/wp-json\/wp\/v2\/pages\/2816\/revisions"}],"predecessor-version":[{"id":3089,"href":"https:\/\/saamelainenilmastoneuvosto.fi\/dav\/wp-json\/wp\/v2\/pages\/2816\/revisions\/3089"}],"up":[{"embeddable":true,"href":"https:\/\/saamelainenilmastoneuvosto.fi\/dav\/wp-json\/wp\/v2\/pages\/2803"}],"wp:featuredmedia":[{"embeddable":true,"href":"https:\/\/saamelainenilmastoneuvosto.fi\/dav\/wp-json\/wp\/v2\/media\/2817"}],"wp:attachment":[{"href":"https:\/\/saamelainenilmastoneuvosto.fi\/dav\/wp-json\/wp\/v2\/media?parent=2816"}],"curies":[{"name":"wp","href":"https:\/\/api.w.org\/{rel}","templated":true}]}}