{"id":2809,"date":"2024-11-06T15:25:44","date_gmt":"2024-11-06T13:25:44","guid":{"rendered":"https:\/\/saamelainenilmastoneuvosto.fi\/?page_id=2809"},"modified":"2026-02-19T14:54:33","modified_gmt":"2026-02-19T12:54:33","slug":"radi-coakkadus","status":"publish","type":"page","link":"https:\/\/saamelainenilmastoneuvosto.fi\/dav\/sami-dalkkadatraddi\/radi-coakkadus\/","title":{"rendered":"R\u00e1\u0111i \u010doakk\u00e1dus"},"content":{"rendered":"<h2>Die\u0111asurggiid ovddasteaddjit<\/h2>\n<p><img decoding=\"async\" src=\"https:\/\/saamelainenilmastoneuvosto.fi\/wp-content\/uploads\/2024\/11\/person__placeholder.png\" sizes=\"(max-width: 178px) 100vw, 178px\" srcset=\"https:\/\/saamelainenilmastoneuvosto.fi\/wp-content\/uploads\/2024\/11\/person__placeholder.png 178w, https:\/\/saamelainenilmastoneuvosto.fi\/wp-content\/uploads\/2024\/11\/person__placeholder-150x150.png 150w\" alt=\"\" width=\"178\" height=\"178\" \/><\/p>\n<h3>Klemetti N\u00e4kk\u00e4l\u00e4j\u00e4rvi<\/h3>\n<p><strong>Oulu universiteahtta, s\u00e1gadoalli <\/strong><\/p>\n<p><a href=\"mailto:klemetti.nakkalajarvi@oulu.fi\">klemetti.nakkalajarvi@oulu.fi<\/a><br \/>\n+358 50 575 8984<\/p>\n<p><img decoding=\"async\" src=\"https:\/\/saamelainenilmastoneuvosto.fi\/wp-content\/uploads\/2024\/11\/person__placeholder.png\" sizes=\"(max-width: 178px) 100vw, 178px\" srcset=\"https:\/\/saamelainenilmastoneuvosto.fi\/wp-content\/uploads\/2024\/11\/person__placeholder.png 178w, https:\/\/saamelainenilmastoneuvosto.fi\/wp-content\/uploads\/2024\/11\/person__placeholder-150x150.png 150w\" alt=\"\" width=\"178\" height=\"178\" \/><\/p>\n<h3>Hilppa Gregow<\/h3>\n<p><strong>D\u00e1lkediehtaga instituhtta<\/strong><\/p>\n<p><a href=\"mailto:hilppa.gregow@fmi.fi\">hilppa.gregow@fmi.fi<\/a><br \/>\n+358 29 539 3510<\/p>\n<p><img decoding=\"async\" src=\"https:\/\/saamelainenilmastoneuvosto.fi\/wp-content\/uploads\/2024\/11\/person__placeholder.png\" sizes=\"(max-width: 178px) 100vw, 178px\" srcset=\"https:\/\/saamelainenilmastoneuvosto.fi\/wp-content\/uploads\/2024\/11\/person__placeholder.png 178w, https:\/\/saamelainenilmastoneuvosto.fi\/wp-content\/uploads\/2024\/11\/person__placeholder-150x150.png 150w\" alt=\"\" width=\"178\" height=\"178\" \/><\/p>\n<h3>P\u00e4ivi Meril\u00e4inen<\/h3>\n<p><strong>Dearvva\u0161vuo\u0111a ja buresbirgema l\u00e1g\u00e1dus<\/strong><\/p>\n<p><a href=\"mailto:paivi.merilainen@thl.fi\">paivi.merilainen@thl.fi<\/a><br \/>\n+358 50 539 6372<\/p>\n<p><img decoding=\"async\" src=\"https:\/\/saamelainenilmastoneuvosto.fi\/wp-content\/uploads\/2024\/11\/person__placeholder.png\" sizes=\"(max-width: 178px) 100vw, 178px\" srcset=\"https:\/\/saamelainenilmastoneuvosto.fi\/wp-content\/uploads\/2024\/11\/person__placeholder.png 178w, https:\/\/saamelainenilmastoneuvosto.fi\/wp-content\/uploads\/2024\/11\/person__placeholder-150x150.png 150w\" alt=\"\" width=\"178\" height=\"178\" \/><\/p>\n<h3>Kati Kulovesi<\/h3>\n<p><strong>Suoma d\u00e1lkk\u00e1datpanela<\/strong><\/p>\n<p><a href=\"mailto:kati.kulovesi@uef.fi\">kati.kulovesi@uef.fi<\/a><\/p>\n<p><img decoding=\"async\" src=\"https:\/\/saamelainenilmastoneuvosto.fi\/wp-content\/uploads\/2024\/11\/person__placeholder.png\" sizes=\"(max-width: 178px) 100vw, 178px\" srcset=\"https:\/\/saamelainenilmastoneuvosto.fi\/wp-content\/uploads\/2024\/11\/person__placeholder.png 178w, https:\/\/saamelainenilmastoneuvosto.fi\/wp-content\/uploads\/2024\/11\/person__placeholder-150x150.png 150w\" alt=\"\" width=\"178\" height=\"178\" \/><\/p>\n<h3>Henni Yl\u00e4nne<\/h3>\n<p><strong>Nuorta-Suoma universiteahtta<\/strong><\/p>\n<p><a href=\"mailto:henni.ylanne@uef.fi\">henni.ylanne@uef.fi<\/a><br \/>\n+358 40 076 3256<\/p>\n<p><img decoding=\"async\" src=\"https:\/\/saamelainenilmastoneuvosto.fi\/wp-content\/uploads\/2024\/11\/person__placeholder.png\" sizes=\"(max-width: 178px) 100vw, 178px\" srcset=\"https:\/\/saamelainenilmastoneuvosto.fi\/wp-content\/uploads\/2024\/11\/person__placeholder.png 178w, https:\/\/saamelainenilmastoneuvosto.fi\/wp-content\/uploads\/2024\/11\/person__placeholder-150x150.png 150w\" alt=\"\" width=\"178\" height=\"178\" \/><\/p>\n<h3>Marja Helena Sivonen<\/h3>\n<p><strong>Suoma birasguovdd\u00e1\u0161<\/strong><\/p>\n<p><a href=\"mailto:marja.sivonen@syke.fi\">marja.sivonen@syke.fi<\/a><\/p>\n<h2>S\u00e1mi \u00e1rbevirola\u0161 die\u0111u eaigg\u00e1dat<\/h2>\n<p><img decoding=\"async\" src=\"https:\/\/saamelainenilmastoneuvosto.fi\/wp-content\/uploads\/2024\/11\/person__placeholder.png\" sizes=\"(max-width: 178px) 100vw, 178px\" srcset=\"https:\/\/saamelainenilmastoneuvosto.fi\/wp-content\/uploads\/2024\/11\/person__placeholder.png 178w, https:\/\/saamelainenilmastoneuvosto.fi\/wp-content\/uploads\/2024\/11\/person__placeholder-150x150.png 150w\" alt=\"\" width=\"178\" height=\"178\" \/><\/p>\n<h3>Petra Biret Magga-Vars<\/h3>\n<p><strong>V\u00e1rres\u00e1gadoalli<\/strong><\/p>\n<p><a href=\"mailto:p_magga@hotmail.com\">p_magga@hotmail.com<\/a><br \/>\n+358 40 522 0117<\/p>\n<p><img decoding=\"async\" src=\"https:\/\/saamelainenilmastoneuvosto.fi\/wp-content\/uploads\/2024\/11\/person__placeholder.png\" sizes=\"(max-width: 178px) 100vw, 178px\" srcset=\"https:\/\/saamelainenilmastoneuvosto.fi\/wp-content\/uploads\/2024\/11\/person__placeholder.png 178w, https:\/\/saamelainenilmastoneuvosto.fi\/wp-content\/uploads\/2024\/11\/person__placeholder-150x150.png 150w\" alt=\"\" width=\"178\" height=\"178\" \/><\/p>\n<h3>Esko Aikio<\/h3>\n<p><a href=\"mailto:esko.aikio@gmail.com\">esko.aikio@gmail.com<\/a><br \/>\n+358 44 532 6965<\/p>\n<p><img decoding=\"async\" src=\"https:\/\/saamelainenilmastoneuvosto.fi\/wp-content\/uploads\/2024\/11\/person__placeholder.png\" sizes=\"(max-width: 178px) 100vw, 178px\" srcset=\"https:\/\/saamelainenilmastoneuvosto.fi\/wp-content\/uploads\/2024\/11\/person__placeholder.png 178w, https:\/\/saamelainenilmastoneuvosto.fi\/wp-content\/uploads\/2024\/11\/person__placeholder-150x150.png 150w\" alt=\"\" width=\"178\" height=\"178\" \/><\/p>\n<h3>Antti-Oula Juuso<\/h3>\n<p><a href=\"mailto:anttioulajuuso@gmail.com\">anttioulajuuso@gmail.com<\/a><br \/>\n+358 40 161 4818<\/p>\n<p><img decoding=\"async\" src=\"https:\/\/saamelainenilmastoneuvosto.fi\/wp-content\/uploads\/2024\/11\/person__placeholder.png\" sizes=\"(max-width: 178px) 100vw, 178px\" srcset=\"https:\/\/saamelainenilmastoneuvosto.fi\/wp-content\/uploads\/2024\/11\/person__placeholder.png 178w, https:\/\/saamelainenilmastoneuvosto.fi\/wp-content\/uploads\/2024\/11\/person__placeholder-150x150.png 150w\" alt=\"\" width=\"178\" height=\"178\" \/><\/p>\n<h3>Jarno M\u00e4ki<\/h3>\n<p><a href=\"mailto:code84x@hotmail.com\">code84x@hotmail.com<\/a><\/p>\n<p><img decoding=\"async\" src=\"https:\/\/saamelainenilmastoneuvosto.fi\/wp-content\/uploads\/2024\/11\/person__placeholder.png\" sizes=\"(max-width: 178px) 100vw, 178px\" srcset=\"https:\/\/saamelainenilmastoneuvosto.fi\/wp-content\/uploads\/2024\/11\/person__placeholder.png 178w, https:\/\/saamelainenilmastoneuvosto.fi\/wp-content\/uploads\/2024\/11\/person__placeholder-150x150.png 150w\" alt=\"\" width=\"178\" height=\"178\" \/><\/p>\n<h3>Tuomas Semenoff<\/h3>\n<p><a href=\"mailto:tuomas_sem@hotmail.com\">tuomas_sem@hotmail.com<\/a><\/p>\n<p><img decoding=\"async\" src=\"https:\/\/saamelainenilmastoneuvosto.fi\/wp-content\/uploads\/2024\/11\/person__placeholder.png\" sizes=\"(max-width: 178px) 100vw, 178px\" srcset=\"https:\/\/saamelainenilmastoneuvosto.fi\/wp-content\/uploads\/2024\/11\/person__placeholder.png 178w, https:\/\/saamelainenilmastoneuvosto.fi\/wp-content\/uploads\/2024\/11\/person__placeholder-150x150.png 150w\" alt=\"\" width=\"178\" height=\"178\" \/><\/p>\n<h3>Jussa Seuruj\u00e4rvi<\/h3>\n<p><a href=\"mailto:jussa.seurujarvi@gmail.com\">jussa.seurujarvi@gmail.com<\/a><br \/>\n+358 40 050 2130<\/p>\n<h2>\u010c\u00e1llingoddi ja ear\u00e1 kont\u00e1ktaolbmot<\/h2>\n<p><img decoding=\"async\" src=\"https:\/\/saamelainenilmastoneuvosto.fi\/wp-content\/uploads\/2024\/11\/person__placeholder.png\" sizes=\"(max-width: 178px) 100vw, 178px\" srcset=\"https:\/\/saamelainenilmastoneuvosto.fi\/wp-content\/uploads\/2024\/11\/person__placeholder.png 178w, https:\/\/saamelainenilmastoneuvosto.fi\/wp-content\/uploads\/2024\/11\/person__placeholder-150x150.png 150w\" alt=\"\" width=\"178\" height=\"178\" \/><\/p>\n<h3>Mari Kuoppamaa<\/h3>\n<p><strong>Koordin\u00e1htor<\/strong><\/p>\n<p><a href=\"mailto:mari.s.kuoppamaa@oulu.fi\">mari.s.kuoppamaa@oulu.fi<\/a><br \/>\n+358 50 412 1482<\/p>\n<p><img decoding=\"async\" src=\"https:\/\/saamelainenilmastoneuvosto.fi\/wp-content\/uploads\/2024\/11\/person__placeholder.png\" sizes=\"(max-width: 178px) 100vw, 178px\" srcset=\"https:\/\/saamelainenilmastoneuvosto.fi\/wp-content\/uploads\/2024\/11\/person__placeholder.png 178w, https:\/\/saamelainenilmastoneuvosto.fi\/wp-content\/uploads\/2024\/11\/person__placeholder-150x150.png 150w\" alt=\"\" width=\"178\" height=\"178\" \/><\/p>\n<h3>Ulla Vesteri<\/h3>\n<p><strong>\u010c\u00e1lli<\/strong><\/p>\n<p><a href=\"mailto:ulla.vesteri@oulu.fi\">ulla.vesteri@oulu.fi<\/a><br \/>\n+358 50 407 0160<\/p>\n<p><img decoding=\"async\" src=\"https:\/\/saamelainenilmastoneuvosto.fi\/wp-content\/uploads\/2024\/11\/person__placeholder.png\" sizes=\"(max-width: 178px) 100vw, 178px\" srcset=\"https:\/\/saamelainenilmastoneuvosto.fi\/wp-content\/uploads\/2024\/11\/person__placeholder.png 178w, https:\/\/saamelainenilmastoneuvosto.fi\/wp-content\/uploads\/2024\/11\/person__placeholder-150x150.png 150w\" alt=\"\" width=\"178\" height=\"178\" \/><\/p>\n<h3>Anna Havukainen<\/h3>\n<p><strong>Birasministeriija kont\u00e1ktaolmmo\u0161<\/strong><\/p>\n<p><a href=\"mailto:anna.havukainen@gov.fi\">anna.havukainen@gov.fi<\/a><br \/>\n+358 29 525 0179<\/p>\n","protected":false},"excerpt":{"rendered":"<p>Die\u0111asurggiid ovddasteaddjit Klemetti N\u00e4kk\u00e4l\u00e4j\u00e4rvi Oulu universiteahtta, s\u00e1gadoalli klemetti.nakkalajarvi@oulu.fi +358 50 575 8984 Hilppa Gregow D\u00e1lkediehtaga instituhtta hilppa.gregow@fmi.fi +358 29 539 3510 P\u00e4ivi Meril\u00e4inen Dearvva\u0161vuo\u0111a ja buresbirgema l\u00e1g\u00e1dus paivi.merilainen@thl.fi +358 50 539 6372 Kati Kulovesi Suoma d\u00e1lkk\u00e1datpanela kati.kulovesi@uef.fi Henni Yl\u00e4nne Nuorta-Suoma universiteahtta henni.ylanne@uef.fi +358 40 076 3256 Marja Helena Sivonen Suoma birasguovdd\u00e1\u0161 marja.sivonen@syke.fi S\u00e1mi \u00e1rbevirola\u0161 die\u0111u&#8230;<\/p>\n","protected":false},"author":1,"featured_media":2811,"parent":2803,"menu_order":0,"comment_status":"closed","ping_status":"closed","template":"","meta":{"_acf_changed":false,"footnotes":""},"class_list":["post-2809","page","type-page","status-publish","has-post-thumbnail","hentry"],"acf":[],"yoast_head":"<!-- This site is optimized with the Yoast SEO plugin v27.4 - https:\/\/yoast.com\/product\/yoast-seo-wordpress\/ -->\n<title>Saamelainen ilmastoneuvosto - Saamelainen ilmastoneuvosto - R\u00e1\u0111i \u010doakk\u00e1dus<\/title>\n<meta name=\"robots\" content=\"index, follow, max-snippet:-1, max-image-preview:large, max-video-preview:-1\" \/>\n<link rel=\"canonical\" href=\"https:\/\/saamelainenilmastoneuvosto.fi\/dav\/sami-dalkkadatraddi\/radi-coakkadus\/\" \/>\n<meta property=\"og:locale\" content=\"en_US\" \/>\n<meta property=\"og:type\" content=\"article\" \/>\n<meta property=\"og:title\" content=\"Saamelainen ilmastoneuvosto - Saamelainen ilmastoneuvosto - R\u00e1\u0111i \u010doakk\u00e1dus\" \/>\n<meta property=\"og:description\" content=\"Die\u0111asurggiid ovddasteaddjit Klemetti N\u00e4kk\u00e4l\u00e4j\u00e4rvi Oulu universiteahtta, s\u00e1gadoalli klemetti.nakkalajarvi@oulu.fi +358 50 575 8984 Hilppa Gregow D\u00e1lkediehtaga instituhtta hilppa.gregow@fmi.fi +358 29 539 3510 P\u00e4ivi Meril\u00e4inen Dearvva\u0161vuo\u0111a ja buresbirgema l\u00e1g\u00e1dus paivi.merilainen@thl.fi +358 50 539 6372 Kati Kulovesi Suoma d\u00e1lkk\u00e1datpanela kati.kulovesi@uef.fi Henni Yl\u00e4nne Nuorta-Suoma universiteahtta henni.ylanne@uef.fi +358 40 076 3256 Marja Helena Sivonen Suoma birasguovdd\u00e1\u0161 marja.sivonen@syke.fi S\u00e1mi \u00e1rbevirola\u0161 die\u0111u...\" \/>\n<meta property=\"og:url\" content=\"https:\/\/saamelainenilmastoneuvosto.fi\/dav\/sami-dalkkadatraddi\/radi-coakkadus\/\" \/>\n<meta property=\"og:site_name\" content=\"Saamelainen ilmastoneuvosto\" \/>\n<meta property=\"article:modified_time\" content=\"2026-02-19T12:54:33+00:00\" \/>\n<meta property=\"og:image\" content=\"https:\/\/saamelainenilmastoneuvosto.fi\/wp-content\/uploads\/2024\/11\/ilmastoneuvosto_hero3.jpg\" \/>\n\t<meta property=\"og:image:width\" content=\"2000\" \/>\n\t<meta property=\"og:image:height\" content=\"1125\" \/>\n\t<meta property=\"og:image:type\" content=\"image\/jpeg\" \/>\n<meta name=\"twitter:card\" content=\"summary_large_image\" \/>\n<meta name=\"twitter:label1\" content=\"Est. reading time\" \/>\n\t<meta name=\"twitter:data1\" content=\"4 minutes\" \/>\n<script type=\"application\/ld+json\" class=\"yoast-schema-graph\">{\"@context\":\"https:\\\/\\\/schema.org\",\"@graph\":[{\"@type\":\"WebPage\",\"@id\":\"https:\\\/\\\/saamelainenilmastoneuvosto.fi\\\/dav\\\/sami-dalkkadatraddi\\\/radi-coakkadus\\\/\",\"url\":\"https:\\\/\\\/saamelainenilmastoneuvosto.fi\\\/dav\\\/sami-dalkkadatraddi\\\/radi-coakkadus\\\/\",\"name\":\"Saamelainen ilmastoneuvosto - Saamelainen ilmastoneuvosto - R\u00e1\u0111i \u010doakk\u00e1dus\",\"isPartOf\":{\"@id\":\"https:\\\/\\\/saamelainenilmastoneuvosto.fi\\\/dav\\\/#website\"},\"primaryImageOfPage\":{\"@id\":\"https:\\\/\\\/saamelainenilmastoneuvosto.fi\\\/dav\\\/sami-dalkkadatraddi\\\/radi-coakkadus\\\/#primaryimage\"},\"image\":{\"@id\":\"https:\\\/\\\/saamelainenilmastoneuvosto.fi\\\/dav\\\/sami-dalkkadatraddi\\\/radi-coakkadus\\\/#primaryimage\"},\"thumbnailUrl\":\"https:\\\/\\\/saamelainenilmastoneuvosto.fi\\\/wp-content\\\/uploads\\\/2024\\\/11\\\/ilmastoneuvosto_hero3.jpg\",\"datePublished\":\"2024-11-06T13:25:44+00:00\",\"dateModified\":\"2026-02-19T12:54:33+00:00\",\"breadcrumb\":{\"@id\":\"https:\\\/\\\/saamelainenilmastoneuvosto.fi\\\/dav\\\/sami-dalkkadatraddi\\\/radi-coakkadus\\\/#breadcrumb\"},\"inLanguage\":\"dav\",\"potentialAction\":[{\"@type\":\"ReadAction\",\"target\":[\"https:\\\/\\\/saamelainenilmastoneuvosto.fi\\\/dav\\\/sami-dalkkadatraddi\\\/radi-coakkadus\\\/\"]}]},{\"@type\":\"ImageObject\",\"inLanguage\":\"dav\",\"@id\":\"https:\\\/\\\/saamelainenilmastoneuvosto.fi\\\/dav\\\/sami-dalkkadatraddi\\\/radi-coakkadus\\\/#primaryimage\",\"url\":\"https:\\\/\\\/saamelainenilmastoneuvosto.fi\\\/wp-content\\\/uploads\\\/2024\\\/11\\\/ilmastoneuvosto_hero3.jpg\",\"contentUrl\":\"https:\\\/\\\/saamelainenilmastoneuvosto.fi\\\/wp-content\\\/uploads\\\/2024\\\/11\\\/ilmastoneuvosto_hero3.jpg\",\"width\":2000,\"height\":1125},{\"@type\":\"BreadcrumbList\",\"@id\":\"https:\\\/\\\/saamelainenilmastoneuvosto.fi\\\/dav\\\/sami-dalkkadatraddi\\\/radi-coakkadus\\\/#breadcrumb\",\"itemListElement\":[{\"@type\":\"ListItem\",\"position\":1,\"name\":\"S\u00e1mi d\u00e1lkk\u00e1datr\u00e1\u0111\u0111i\",\"item\":\"https:\\\/\\\/saamelainenilmastoneuvosto.fi\\\/dav\\\/\"},{\"@type\":\"ListItem\",\"position\":2,\"name\":\"S\u00e1mi d\u00e1lkk\u00e1datr\u00e1\u0111\u0111i\",\"item\":\"https:\\\/\\\/saamelainenilmastoneuvosto.fi\\\/dav\\\/sami-dalkkadatraddi\\\/\"},{\"@type\":\"ListItem\",\"position\":3,\"name\":\"R\u00e1\u0111i \u010doakk\u00e1dus\"}]},{\"@type\":\"WebSite\",\"@id\":\"https:\\\/\\\/saamelainenilmastoneuvosto.fi\\\/dav\\\/#website\",\"url\":\"https:\\\/\\\/saamelainenilmastoneuvosto.fi\\\/dav\\\/\",\"name\":\"Saamelainen ilmastoneuvosto\",\"description\":\"Saamelainen ilmastoneuvosto verkkosivut\",\"publisher\":{\"@id\":\"https:\\\/\\\/saamelainenilmastoneuvosto.fi\\\/dav\\\/#organization\"},\"potentialAction\":[{\"@type\":\"SearchAction\",\"target\":{\"@type\":\"EntryPoint\",\"urlTemplate\":\"https:\\\/\\\/saamelainenilmastoneuvosto.fi\\\/dav\\\/?s={search_term_string}\"},\"query-input\":{\"@type\":\"PropertyValueSpecification\",\"valueRequired\":true,\"valueName\":\"search_term_string\"}}],\"inLanguage\":\"dav\"},{\"@type\":\"Organization\",\"@id\":\"https:\\\/\\\/saamelainenilmastoneuvosto.fi\\\/dav\\\/#organization\",\"name\":\"S\u00e1mi d\u00e1lkk\u00e1datr\u00e1\u0111\u0111i\",\"url\":\"https:\\\/\\\/saamelainenilmastoneuvosto.fi\\\/dav\\\/\",\"logo\":{\"@type\":\"ImageObject\",\"inLanguage\":\"dav\",\"@id\":\"https:\\\/\\\/saamelainenilmastoneuvosto.fi\\\/dav\\\/#\\\/schema\\\/logo\\\/image\\\/\",\"url\":\"https:\\\/\\\/saamelainenilmastoneuvosto.fi\\\/wp-content\\\/uploads\\\/2024\\\/11\\\/s_favicon_512x512.png\",\"contentUrl\":\"https:\\\/\\\/saamelainenilmastoneuvosto.fi\\\/wp-content\\\/uploads\\\/2024\\\/11\\\/s_favicon_512x512.png\",\"width\":512,\"height\":512,\"caption\":\"S\u00e1mi d\u00e1lkk\u00e1datr\u00e1\u0111\u0111i\"},\"image\":{\"@id\":\"https:\\\/\\\/saamelainenilmastoneuvosto.fi\\\/dav\\\/#\\\/schema\\\/logo\\\/image\\\/\"}}]}<\/script>\n<!-- \/ Yoast SEO plugin. -->","yoast_head_json":{"title":"Saamelainen ilmastoneuvosto - Saamelainen ilmastoneuvosto - R\u00e1\u0111i \u010doakk\u00e1dus","robots":{"index":"index","follow":"follow","max-snippet":"max-snippet:-1","max-image-preview":"max-image-preview:large","max-video-preview":"max-video-preview:-1"},"canonical":"https:\/\/saamelainenilmastoneuvosto.fi\/dav\/sami-dalkkadatraddi\/radi-coakkadus\/","og_locale":"en_US","og_type":"article","og_title":"Saamelainen ilmastoneuvosto - Saamelainen ilmastoneuvosto - R\u00e1\u0111i \u010doakk\u00e1dus","og_description":"Die\u0111asurggiid ovddasteaddjit Klemetti N\u00e4kk\u00e4l\u00e4j\u00e4rvi Oulu universiteahtta, s\u00e1gadoalli klemetti.nakkalajarvi@oulu.fi +358 50 575 8984 Hilppa Gregow D\u00e1lkediehtaga instituhtta hilppa.gregow@fmi.fi +358 29 539 3510 P\u00e4ivi Meril\u00e4inen Dearvva\u0161vuo\u0111a ja buresbirgema l\u00e1g\u00e1dus paivi.merilainen@thl.fi +358 50 539 6372 Kati Kulovesi Suoma d\u00e1lkk\u00e1datpanela kati.kulovesi@uef.fi Henni Yl\u00e4nne Nuorta-Suoma universiteahtta henni.ylanne@uef.fi +358 40 076 3256 Marja Helena Sivonen Suoma birasguovdd\u00e1\u0161 marja.sivonen@syke.fi S\u00e1mi \u00e1rbevirola\u0161 die\u0111u...","og_url":"https:\/\/saamelainenilmastoneuvosto.fi\/dav\/sami-dalkkadatraddi\/radi-coakkadus\/","og_site_name":"Saamelainen ilmastoneuvosto","article_modified_time":"2026-02-19T12:54:33+00:00","og_image":[{"width":2000,"height":1125,"url":"https:\/\/saamelainenilmastoneuvosto.fi\/wp-content\/uploads\/2024\/11\/ilmastoneuvosto_hero3.jpg","type":"image\/jpeg"}],"twitter_card":"summary_large_image","twitter_misc":{"Est. reading time":"4 minutes"},"schema":{"@context":"https:\/\/schema.org","@graph":[{"@type":"WebPage","@id":"https:\/\/saamelainenilmastoneuvosto.fi\/dav\/sami-dalkkadatraddi\/radi-coakkadus\/","url":"https:\/\/saamelainenilmastoneuvosto.fi\/dav\/sami-dalkkadatraddi\/radi-coakkadus\/","name":"Saamelainen ilmastoneuvosto - Saamelainen ilmastoneuvosto - R\u00e1\u0111i \u010doakk\u00e1dus","isPartOf":{"@id":"https:\/\/saamelainenilmastoneuvosto.fi\/dav\/#website"},"primaryImageOfPage":{"@id":"https:\/\/saamelainenilmastoneuvosto.fi\/dav\/sami-dalkkadatraddi\/radi-coakkadus\/#primaryimage"},"image":{"@id":"https:\/\/saamelainenilmastoneuvosto.fi\/dav\/sami-dalkkadatraddi\/radi-coakkadus\/#primaryimage"},"thumbnailUrl":"https:\/\/saamelainenilmastoneuvosto.fi\/wp-content\/uploads\/2024\/11\/ilmastoneuvosto_hero3.jpg","datePublished":"2024-11-06T13:25:44+00:00","dateModified":"2026-02-19T12:54:33+00:00","breadcrumb":{"@id":"https:\/\/saamelainenilmastoneuvosto.fi\/dav\/sami-dalkkadatraddi\/radi-coakkadus\/#breadcrumb"},"inLanguage":"dav","potentialAction":[{"@type":"ReadAction","target":["https:\/\/saamelainenilmastoneuvosto.fi\/dav\/sami-dalkkadatraddi\/radi-coakkadus\/"]}]},{"@type":"ImageObject","inLanguage":"dav","@id":"https:\/\/saamelainenilmastoneuvosto.fi\/dav\/sami-dalkkadatraddi\/radi-coakkadus\/#primaryimage","url":"https:\/\/saamelainenilmastoneuvosto.fi\/wp-content\/uploads\/2024\/11\/ilmastoneuvosto_hero3.jpg","contentUrl":"https:\/\/saamelainenilmastoneuvosto.fi\/wp-content\/uploads\/2024\/11\/ilmastoneuvosto_hero3.jpg","width":2000,"height":1125},{"@type":"BreadcrumbList","@id":"https:\/\/saamelainenilmastoneuvosto.fi\/dav\/sami-dalkkadatraddi\/radi-coakkadus\/#breadcrumb","itemListElement":[{"@type":"ListItem","position":1,"name":"S\u00e1mi d\u00e1lkk\u00e1datr\u00e1\u0111\u0111i","item":"https:\/\/saamelainenilmastoneuvosto.fi\/dav\/"},{"@type":"ListItem","position":2,"name":"S\u00e1mi d\u00e1lkk\u00e1datr\u00e1\u0111\u0111i","item":"https:\/\/saamelainenilmastoneuvosto.fi\/dav\/sami-dalkkadatraddi\/"},{"@type":"ListItem","position":3,"name":"R\u00e1\u0111i \u010doakk\u00e1dus"}]},{"@type":"WebSite","@id":"https:\/\/saamelainenilmastoneuvosto.fi\/dav\/#website","url":"https:\/\/saamelainenilmastoneuvosto.fi\/dav\/","name":"Saamelainen ilmastoneuvosto","description":"Saamelainen ilmastoneuvosto verkkosivut","publisher":{"@id":"https:\/\/saamelainenilmastoneuvosto.fi\/dav\/#organization"},"potentialAction":[{"@type":"SearchAction","target":{"@type":"EntryPoint","urlTemplate":"https:\/\/saamelainenilmastoneuvosto.fi\/dav\/?s={search_term_string}"},"query-input":{"@type":"PropertyValueSpecification","valueRequired":true,"valueName":"search_term_string"}}],"inLanguage":"dav"},{"@type":"Organization","@id":"https:\/\/saamelainenilmastoneuvosto.fi\/dav\/#organization","name":"S\u00e1mi d\u00e1lkk\u00e1datr\u00e1\u0111\u0111i","url":"https:\/\/saamelainenilmastoneuvosto.fi\/dav\/","logo":{"@type":"ImageObject","inLanguage":"dav","@id":"https:\/\/saamelainenilmastoneuvosto.fi\/dav\/#\/schema\/logo\/image\/","url":"https:\/\/saamelainenilmastoneuvosto.fi\/wp-content\/uploads\/2024\/11\/s_favicon_512x512.png","contentUrl":"https:\/\/saamelainenilmastoneuvosto.fi\/wp-content\/uploads\/2024\/11\/s_favicon_512x512.png","width":512,"height":512,"caption":"S\u00e1mi d\u00e1lkk\u00e1datr\u00e1\u0111\u0111i"},"image":{"@id":"https:\/\/saamelainenilmastoneuvosto.fi\/dav\/#\/schema\/logo\/image\/"}}]}},"_links":{"self":[{"href":"https:\/\/saamelainenilmastoneuvosto.fi\/dav\/wp-json\/wp\/v2\/pages\/2809","targetHints":{"allow":["GET"]}}],"collection":[{"href":"https:\/\/saamelainenilmastoneuvosto.fi\/dav\/wp-json\/wp\/v2\/pages"}],"about":[{"href":"https:\/\/saamelainenilmastoneuvosto.fi\/dav\/wp-json\/wp\/v2\/types\/page"}],"author":[{"embeddable":true,"href":"https:\/\/saamelainenilmastoneuvosto.fi\/dav\/wp-json\/wp\/v2\/users\/1"}],"replies":[{"embeddable":true,"href":"https:\/\/saamelainenilmastoneuvosto.fi\/dav\/wp-json\/wp\/v2\/comments?post=2809"}],"version-history":[{"count":6,"href":"https:\/\/saamelainenilmastoneuvosto.fi\/dav\/wp-json\/wp\/v2\/pages\/2809\/revisions"}],"predecessor-version":[{"id":3352,"href":"https:\/\/saamelainenilmastoneuvosto.fi\/dav\/wp-json\/wp\/v2\/pages\/2809\/revisions\/3352"}],"up":[{"embeddable":true,"href":"https:\/\/saamelainenilmastoneuvosto.fi\/dav\/wp-json\/wp\/v2\/pages\/2803"}],"wp:featuredmedia":[{"embeddable":true,"href":"https:\/\/saamelainenilmastoneuvosto.fi\/dav\/wp-json\/wp\/v2\/media\/2811"}],"wp:attachment":[{"href":"https:\/\/saamelainenilmastoneuvosto.fi\/dav\/wp-json\/wp\/v2\/media?parent=2809"}],"curies":[{"name":"wp","href":"https:\/\/api.w.org\/{rel}","templated":true}]}}