{"id":2803,"date":"2024-11-06T15:25:07","date_gmt":"2024-11-06T13:25:07","guid":{"rendered":"https:\/\/saamelainenilmastoneuvosto.fi\/?page_id=2803"},"modified":"2025-07-29T11:00:52","modified_gmt":"2025-07-29T08:00:52","slug":"sami-dalkkadatraddi","status":"publish","type":"page","link":"https:\/\/saamelainenilmastoneuvosto.fi\/dav\/sami-dalkkadatraddi\/","title":{"rendered":"S\u00e1mi d\u00e1lkk\u00e1datr\u00e1\u0111\u0111i"},"content":{"rendered":"\t\t<div data-elementor-type=\"wp-page\" data-elementor-id=\"2803\" class=\"elementor elementor-2803 elementor-82\" data-elementor-post-type=\"page\">\n\t\t\t\t<div class=\"elementor-element elementor-element-69ef60ef e-con-full regular-hero__main-container e-flex e-con e-parent\" data-id=\"69ef60ef\" data-element_type=\"container\" data-e-type=\"container\">\n\t\t<div class=\"elementor-element elementor-element-6287930a e-con-full regular-hero e-flex e-con e-child\" data-id=\"6287930a\" data-element_type=\"container\" data-e-type=\"container\" data-settings=\"{&quot;background_background&quot;:&quot;classic&quot;}\">\n\t\t<div class=\"elementor-element elementor-element-1158c961 regular-hero__content-container e-flex e-con-boxed e-con e-child\" data-id=\"1158c961\" data-element_type=\"container\" data-e-type=\"container\">\n\t\t\t\t\t<div class=\"e-con-inner\">\n\t\t<div class=\"elementor-element elementor-element-32f5b4f6 e-con-full regular-hero__text-content e-flex e-con e-child\" data-id=\"32f5b4f6\" data-element_type=\"container\" data-e-type=\"container\" data-settings=\"{&quot;background_background&quot;:&quot;classic&quot;}\">\n\t\t\t\t<\/div>\n\t\t<div class=\"elementor-element elementor-element-2363c5c9 e-con-full elementor-hidden-widescreen elementor-hidden-desktop elementor-hidden-laptop elementor-hidden-tablet e-flex e-con e-child\" data-id=\"2363c5c9\" data-element_type=\"container\" data-e-type=\"container\">\n\t\t\t\t<div class=\"elementor-element elementor-element-3cd5c628 elementor-mobile-align-left elementor-widget elementor-widget-breadcrumbs\" data-id=\"3cd5c628\" data-element_type=\"widget\" data-e-type=\"widget\" data-widget_type=\"breadcrumbs.default\">\n\t\t\t\t\t<p id=\"breadcrumbs\"><span><span><a href=\"https:\/\/saamelainenilmastoneuvosto.fi\/dav\/\">S\u00e1mi d\u00e1lkk\u00e1datr\u00e1\u0111\u0111i<\/a><\/span><\/span><\/p>\t\t\t\t<\/div>\n\t\t\t\t<\/div>\n\t\t<div class=\"elementor-element elementor-element-7b12517 e-con-full elementor-hidden-widescreen elementor-hidden-desktop elementor-hidden-laptop elementor-hidden-tablet mobile-image-container e-flex e-con e-child\" data-id=\"7b12517\" data-element_type=\"container\" data-e-type=\"container\">\n\t\t\t\t<div class=\"elementor-element elementor-element-212174f0 elementor-widget elementor-widget-image\" data-id=\"212174f0\" data-element_type=\"widget\" data-e-type=\"widget\" data-widget_type=\"image.default\">\n\t\t\t\t\t\t\t\t\t\t\t\t\t\t\t<img fetchpriority=\"high\" decoding=\"async\" width=\"2000\" height=\"1125\" src=\"https:\/\/saamelainenilmastoneuvosto.fi\/wp-content\/uploads\/2024\/11\/ilmastoneuvosto_hero7.jpg\" class=\"attachment-2048x2048 size-2048x2048 wp-image-2805\" alt=\"\" srcset=\"https:\/\/saamelainenilmastoneuvosto.fi\/wp-content\/uploads\/2024\/11\/ilmastoneuvosto_hero7.jpg 2000w, https:\/\/saamelainenilmastoneuvosto.fi\/wp-content\/uploads\/2024\/11\/ilmastoneuvosto_hero7-300x169.jpg 300w, https:\/\/saamelainenilmastoneuvosto.fi\/wp-content\/uploads\/2024\/11\/ilmastoneuvosto_hero7-1024x576.jpg 1024w, https:\/\/saamelainenilmastoneuvosto.fi\/wp-content\/uploads\/2024\/11\/ilmastoneuvosto_hero7-768x432.jpg 768w, https:\/\/saamelainenilmastoneuvosto.fi\/wp-content\/uploads\/2024\/11\/ilmastoneuvosto_hero7-1536x864.jpg 1536w\" sizes=\"(max-width: 2000px) 100vw, 2000px\" \/>\t\t\t\t\t\t\t\t\t\t\t\t\t\t\t<\/div>\n\t\t\t\t<\/div>\n\t\t\t\t\t<\/div>\n\t\t\t\t<\/div>\n\t\t\t\t<\/div>\n\t\t<div class=\"elementor-element elementor-element-2b3d0e78 elementor-hidden-mobile regular-hero__desktop-breadcrumb e-flex e-con-boxed e-con e-child\" data-id=\"2b3d0e78\" data-element_type=\"container\" data-e-type=\"container\">\n\t\t\t\t\t<div class=\"e-con-inner\">\n\t\t\t\t<div class=\"elementor-element elementor-element-61e28aa6 elementor-widget elementor-widget-breadcrumbs\" data-id=\"61e28aa6\" data-element_type=\"widget\" data-e-type=\"widget\" data-widget_type=\"breadcrumbs.default\">\n\t\t\t\t\t<p id=\"breadcrumbs\"><span><span><a href=\"https:\/\/saamelainenilmastoneuvosto.fi\/dav\/\">S\u00e1mi d\u00e1lkk\u00e1datr\u00e1\u0111\u0111i<\/a><\/span><\/span><\/p>\t\t\t\t<\/div>\n\t\t\t\t\t<\/div>\n\t\t\t\t<\/div>\n\t\t\t\t<\/div>\n\t\t<div class=\"elementor-element elementor-element-badce67 e-flex e-con-boxed e-con e-parent\" data-id=\"badce67\" data-element_type=\"container\" data-e-type=\"container\">\n\t\t\t\t\t<div class=\"e-con-inner\">\n\t\t\t\t<div class=\"elementor-element elementor-element-5735ad3 elementor-widget elementor-widget-heading\" data-id=\"5735ad3\" data-element_type=\"widget\" data-e-type=\"widget\" data-widget_type=\"heading.default\">\n\t\t\t\t\t<h2 class=\"elementor-heading-title elementor-size-default\">S\u00e1mi d\u00e1lkk\u00e1datr\u00e1\u0111\u0111i add\u00e1 cealk\u00e1mu\u0161aid ja buvttada o\u0111\u0111a diehtovuo\u0111u mearr\u00e1dusdahkama doarjjan<\/h2>\t\t\t\t<\/div>\n\t\t\t\t<div class=\"elementor-element elementor-element-106fe63 elementor-widget elementor-widget-button\" data-id=\"106fe63\" data-element_type=\"widget\" data-e-type=\"widget\" data-widget_type=\"button.default\">\n\t\t\t\t\t\t\t\t\t\t<a class=\"elementor-button elementor-button-link elementor-size-sm\" href=\"https:\/\/saamelainenilmastoneuvosto.fi\/dav\/sami-dalkkadatraddi\/radi-coakkadus\/\">\n\t\t\t\t\t\t<span class=\"elementor-button-content-wrapper\">\n\t\t\t\t\t\t\t\t\t<span class=\"elementor-button-text\">D\u00e1lkk\u00e1datr\u00e1\u0111i \u010doakk\u00e1dus 2023-2027<\/span>\n\t\t\t\t\t<\/span>\n\t\t\t\t\t<\/a>\n\t\t\t\t\t\t\t\t<\/div>\n\t\t\t\t<div class=\"elementor-element elementor-element-dfe5863 elementor-widget elementor-widget-text-editor\" data-id=\"dfe5863\" data-element_type=\"widget\" data-e-type=\"widget\" data-widget_type=\"text-editor.default\">\n\t\t\t\t\t\t\t\t\tS\u00e1mi d\u00e1lkk\u00e1datr\u00e1\u0111\u0111i lea sorjjasmeahttun die\u0111apanela, mii vuo\u0111\u0111uduvv\u00e1 d\u00e1lkk\u00e1datl\u00e1hkii (423\/2022), ja man ulbmilin lea buktit s\u00e1pmela\u010d\u010daid \u00e1rbevirola\u0161 die\u0111u ja die\u0111ala\u0161 die\u0111u d\u00e1lkk\u00e1datpolitihka v\u00e1lmmastallama oassin. S\u00e1mi kultuvra lea hui h\u00e1vv\u00e1duvvi ear\u00e1huvvi d\u00e1lkk\u00e1dagas, daningo s\u00e1mi kultuvra lea nannosit \u010datnagasas \u00e1rktala\u0161 lundui. \u00c1rktala\u0161 guovllu d\u00e1lkk\u00e1dat lieggana sulaid 3-4 geardde jo\u0111\u00e1neappot go ear\u00e1 sajes m\u00e1ilmmis.<br><br>St\u00e1htar\u00e1\u0111\u0111i \u00e1sahii vuostta\u0161 s\u00e1mi d\u00e1lkk\u00e1datr\u00e1\u0111i njealji jagi \u00e1igodahkii 24.8.2023. S\u00e1mi d\u00e1lkk\u00e1datr\u00e1\u0111\u0111i \u010doahkkana 12 ovddasteaddjis. S\u00e1mi d\u00e1lkk\u00e1datr\u00e1\u0111is addojuvvon \u00e1sahusa mielde unnimusat bealli ovddasteddjiin galget leat \u00e1rbevirola\u0161 die\u0111u eaigg\u00e1dat. S\u00e1gadoalli lea dutkidoavttir Juvv\u00e1 Lemet, Klemetti N\u00e4kk\u00e4l\u00e4j\u00e4rvi, Oulu universiteahtas ja v\u00e1rres\u00e1gadoalli lea s\u00e1mi \u00e1rbevirola\u0161 die\u0111u eaigg\u00e1r Guhtur Jovnna Biera Mauri Petra Biret, Petra Biret Magga-Vars. S\u00e1mi d\u00e1lkk\u00e1datr\u00e1\u0111\u0111i lea \u010doakk\u00e1dusas mielde m\u00e1ilmmiviidosa\u010d\u010dat \u00e1idnalunddot \u00e1rbevirola\u0161 die\u0111u ja die\u0111ala\u0161 die\u0111u ovttastahtti die\u0111apanela. \u201dLean s\u00e1pmela\u017e\u017ean ja dutkin ilus ja \u010deavl\u00e1i das, ahte s\u00e1mi d\u00e1lkk\u00e1datr\u00e1\u0111\u0111i lea \u00e1sahuvvon. S\u00e1mi d\u00e1lkk\u00e1datr\u00e1\u0111\u0111i duddjo eakti dialoga s\u00e1mi \u00e1rbevirola\u0161 die\u0111u eaigg\u00e1diid ja die\u0111aservo\u0161a gaskii. D\u00e1lkk\u00e1datr\u00e1\u0111\u0111i d\u00e1rbbahuvvo d\u00e1lkk\u00e1datrievdama ja luondduj\u00e1vkku s\u00e1mi servo\u0161ii buktin h\u00e1stalusaid \u010doavdima v\u00e1r\u00e1s\u201d, dadj\u00e1 s\u00e1mi d\u00e1lkk\u00e1datr\u00e1\u0111i s\u00e1gadoalli N\u00e4kk\u00e4l\u00e4j\u00e4rvi.<br>D\u00e1lkk\u00e1datr\u00e1\u0111i dutkilahtuin lea m\u00e1\u014bggabeall\u00e1sa\u0161 m\u00e1httu earret ear\u00e1 d\u00e1lkk\u00e1datdiehtagiin, kulturantropologiijas ja riektediehtagis, \u00e1lbmotdearvva\u0161vuohtadiehtagis, ja ekologiijas. S\u00e1mi \u00e1rbevirola\u0161 die\u0111u eaigg\u00e1diin lea diehtu ja \u00e1iccastagat d\u00e1lkk\u00e1datrievdama v\u00e1ikkuhusain s\u00e1mi \u00e1rbevirola\u0161 eal\u00e1husaiguin bargamis, s\u00e1megielas, kultuvrras, s\u00e1mi servo\u0161is sihke s\u00e1mi ruovttuguovllu luonddus ja dillin. S\u00e1mi \u00e1rbevirola\u0161 die\u0111u eaigg\u00e1dat ovddastit gok\u010deva\u010d\u010dat s\u00e1pmela\u010d\u010daid ruovttuguovllu sihke eatnandie\u0111ala\u010d\u010dat ja hubmojuvvon s\u00e1megielaid mielde.\t\t\t\t\t\t\t\t<\/div>\n\t\t\t\t\t<\/div>\n\t\t\t\t<\/div>\n\t\t\t\t<\/div>\n\t\t","protected":false},"excerpt":{"rendered":"<p>S\u00e1mi d\u00e1lkk\u00e1datr\u00e1\u0111\u0111i add\u00e1 cealk\u00e1mu\u0161aid ja buvttada o\u0111\u0111a diehtovuo\u0111u mearr\u00e1dusdahkama doarjjan D\u00e1lkk\u00e1datr\u00e1\u0111i \u010doakk\u00e1dus 2023-2027 S\u00e1mi d\u00e1lkk\u00e1datr\u00e1\u0111\u0111i lea sorjjasmeahttun die\u0111apanela, mii vuo\u0111\u0111uduvv\u00e1 d\u00e1lkk\u00e1datl\u00e1hkii (423\/2022), ja man ulbmilin lea buktit s\u00e1pmela\u010d\u010daid \u00e1rbevirola\u0161 die\u0111u ja die\u0111ala\u0161 die\u0111u d\u00e1lkk\u00e1datpolitihka v\u00e1lmmastallama oassin. S\u00e1mi kultuvra lea hui h\u00e1vv\u00e1duvvi ear\u00e1huvvi d\u00e1lkk\u00e1dagas, daningo s\u00e1mi kultuvra lea nannosit \u010datnagasas \u00e1rktala\u0161 lundui. \u00c1rktala\u0161 guovllu d\u00e1lkk\u00e1dat lieggana&#8230;<\/p>\n","protected":false},"author":1,"featured_media":2805,"parent":0,"menu_order":0,"comment_status":"closed","ping_status":"closed","template":"","meta":{"_acf_changed":false,"footnotes":""},"class_list":["post-2803","page","type-page","status-publish","has-post-thumbnail","hentry"],"acf":[],"yoast_head":"<!-- This site is optimized with the Yoast SEO plugin v27.4 - https:\/\/yoast.com\/product\/yoast-seo-wordpress\/ -->\n<title>Saamelainen ilmastoneuvosto - Saamelainen ilmastoneuvosto - S\u00e1mi d\u00e1lkk\u00e1datr\u00e1\u0111\u0111i<\/title>\n<meta name=\"robots\" content=\"index, follow, max-snippet:-1, max-image-preview:large, max-video-preview:-1\" \/>\n<link rel=\"canonical\" href=\"https:\/\/saamelainenilmastoneuvosto.fi\/dav\/sami-dalkkadatraddi\/\" \/>\n<meta property=\"og:locale\" content=\"en_US\" \/>\n<meta property=\"og:type\" content=\"article\" \/>\n<meta property=\"og:title\" content=\"Saamelainen ilmastoneuvosto - Saamelainen ilmastoneuvosto - S\u00e1mi d\u00e1lkk\u00e1datr\u00e1\u0111\u0111i\" \/>\n<meta property=\"og:description\" content=\"S\u00e1mi d\u00e1lkk\u00e1datr\u00e1\u0111\u0111i add\u00e1 cealk\u00e1mu\u0161aid ja buvttada o\u0111\u0111a diehtovuo\u0111u mearr\u00e1dusdahkama doarjjan D\u00e1lkk\u00e1datr\u00e1\u0111i \u010doakk\u00e1dus 2023-2027 S\u00e1mi d\u00e1lkk\u00e1datr\u00e1\u0111\u0111i lea sorjjasmeahttun die\u0111apanela, mii vuo\u0111\u0111uduvv\u00e1 d\u00e1lkk\u00e1datl\u00e1hkii (423\/2022), ja man ulbmilin lea buktit s\u00e1pmela\u010d\u010daid \u00e1rbevirola\u0161 die\u0111u ja die\u0111ala\u0161 die\u0111u d\u00e1lkk\u00e1datpolitihka v\u00e1lmmastallama oassin. S\u00e1mi kultuvra lea hui h\u00e1vv\u00e1duvvi ear\u00e1huvvi d\u00e1lkk\u00e1dagas, daningo s\u00e1mi kultuvra lea nannosit \u010datnagasas \u00e1rktala\u0161 lundui. \u00c1rktala\u0161 guovllu d\u00e1lkk\u00e1dat lieggana...\" \/>\n<meta property=\"og:url\" content=\"https:\/\/saamelainenilmastoneuvosto.fi\/dav\/sami-dalkkadatraddi\/\" \/>\n<meta property=\"og:site_name\" content=\"Saamelainen ilmastoneuvosto\" \/>\n<meta property=\"article:modified_time\" content=\"2025-07-29T08:00:52+00:00\" \/>\n<meta property=\"og:image\" content=\"https:\/\/saamelainenilmastoneuvosto.fi\/wp-content\/uploads\/2024\/11\/ilmastoneuvosto_hero7.jpg\" \/>\n\t<meta property=\"og:image:width\" content=\"2000\" \/>\n\t<meta property=\"og:image:height\" content=\"1125\" \/>\n\t<meta property=\"og:image:type\" content=\"image\/jpeg\" \/>\n<meta name=\"twitter:card\" content=\"summary_large_image\" \/>\n<meta name=\"twitter:label1\" content=\"Est. reading time\" \/>\n\t<meta name=\"twitter:data1\" content=\"2 minutes\" \/>\n<script type=\"application\/ld+json\" class=\"yoast-schema-graph\">{\"@context\":\"https:\\\/\\\/schema.org\",\"@graph\":[{\"@type\":\"WebPage\",\"@id\":\"https:\\\/\\\/saamelainenilmastoneuvosto.fi\\\/dav\\\/sami-dalkkadatraddi\\\/\",\"url\":\"https:\\\/\\\/saamelainenilmastoneuvosto.fi\\\/dav\\\/sami-dalkkadatraddi\\\/\",\"name\":\"Saamelainen ilmastoneuvosto - Saamelainen ilmastoneuvosto - S\u00e1mi d\u00e1lkk\u00e1datr\u00e1\u0111\u0111i\",\"isPartOf\":{\"@id\":\"https:\\\/\\\/saamelainenilmastoneuvosto.fi\\\/dav\\\/#website\"},\"primaryImageOfPage\":{\"@id\":\"https:\\\/\\\/saamelainenilmastoneuvosto.fi\\\/dav\\\/sami-dalkkadatraddi\\\/#primaryimage\"},\"image\":{\"@id\":\"https:\\\/\\\/saamelainenilmastoneuvosto.fi\\\/dav\\\/sami-dalkkadatraddi\\\/#primaryimage\"},\"thumbnailUrl\":\"https:\\\/\\\/saamelainenilmastoneuvosto.fi\\\/wp-content\\\/uploads\\\/2024\\\/11\\\/ilmastoneuvosto_hero7.jpg\",\"datePublished\":\"2024-11-06T13:25:07+00:00\",\"dateModified\":\"2025-07-29T08:00:52+00:00\",\"breadcrumb\":{\"@id\":\"https:\\\/\\\/saamelainenilmastoneuvosto.fi\\\/dav\\\/sami-dalkkadatraddi\\\/#breadcrumb\"},\"inLanguage\":\"dav\",\"potentialAction\":[{\"@type\":\"ReadAction\",\"target\":[\"https:\\\/\\\/saamelainenilmastoneuvosto.fi\\\/dav\\\/sami-dalkkadatraddi\\\/\"]}]},{\"@type\":\"ImageObject\",\"inLanguage\":\"dav\",\"@id\":\"https:\\\/\\\/saamelainenilmastoneuvosto.fi\\\/dav\\\/sami-dalkkadatraddi\\\/#primaryimage\",\"url\":\"https:\\\/\\\/saamelainenilmastoneuvosto.fi\\\/wp-content\\\/uploads\\\/2024\\\/11\\\/ilmastoneuvosto_hero7.jpg\",\"contentUrl\":\"https:\\\/\\\/saamelainenilmastoneuvosto.fi\\\/wp-content\\\/uploads\\\/2024\\\/11\\\/ilmastoneuvosto_hero7.jpg\",\"width\":2000,\"height\":1125},{\"@type\":\"BreadcrumbList\",\"@id\":\"https:\\\/\\\/saamelainenilmastoneuvosto.fi\\\/dav\\\/sami-dalkkadatraddi\\\/#breadcrumb\",\"itemListElement\":[{\"@type\":\"ListItem\",\"position\":1,\"name\":\"S\u00e1mi d\u00e1lkk\u00e1datr\u00e1\u0111\u0111i\",\"item\":\"https:\\\/\\\/saamelainenilmastoneuvosto.fi\\\/dav\\\/\"},{\"@type\":\"ListItem\",\"position\":2,\"name\":\"S\u00e1mi d\u00e1lkk\u00e1datr\u00e1\u0111\u0111i\"}]},{\"@type\":\"WebSite\",\"@id\":\"https:\\\/\\\/saamelainenilmastoneuvosto.fi\\\/dav\\\/#website\",\"url\":\"https:\\\/\\\/saamelainenilmastoneuvosto.fi\\\/dav\\\/\",\"name\":\"Saamelainen ilmastoneuvosto\",\"description\":\"Saamelainen ilmastoneuvosto verkkosivut\",\"publisher\":{\"@id\":\"https:\\\/\\\/saamelainenilmastoneuvosto.fi\\\/dav\\\/#organization\"},\"potentialAction\":[{\"@type\":\"SearchAction\",\"target\":{\"@type\":\"EntryPoint\",\"urlTemplate\":\"https:\\\/\\\/saamelainenilmastoneuvosto.fi\\\/dav\\\/?s={search_term_string}\"},\"query-input\":{\"@type\":\"PropertyValueSpecification\",\"valueRequired\":true,\"valueName\":\"search_term_string\"}}],\"inLanguage\":\"dav\"},{\"@type\":\"Organization\",\"@id\":\"https:\\\/\\\/saamelainenilmastoneuvosto.fi\\\/dav\\\/#organization\",\"name\":\"S\u00e1mi d\u00e1lkk\u00e1datr\u00e1\u0111\u0111i\",\"url\":\"https:\\\/\\\/saamelainenilmastoneuvosto.fi\\\/dav\\\/\",\"logo\":{\"@type\":\"ImageObject\",\"inLanguage\":\"dav\",\"@id\":\"https:\\\/\\\/saamelainenilmastoneuvosto.fi\\\/dav\\\/#\\\/schema\\\/logo\\\/image\\\/\",\"url\":\"https:\\\/\\\/saamelainenilmastoneuvosto.fi\\\/wp-content\\\/uploads\\\/2024\\\/11\\\/s_favicon_512x512.png\",\"contentUrl\":\"https:\\\/\\\/saamelainenilmastoneuvosto.fi\\\/wp-content\\\/uploads\\\/2024\\\/11\\\/s_favicon_512x512.png\",\"width\":512,\"height\":512,\"caption\":\"S\u00e1mi d\u00e1lkk\u00e1datr\u00e1\u0111\u0111i\"},\"image\":{\"@id\":\"https:\\\/\\\/saamelainenilmastoneuvosto.fi\\\/dav\\\/#\\\/schema\\\/logo\\\/image\\\/\"}}]}<\/script>\n<!-- \/ Yoast SEO plugin. -->","yoast_head_json":{"title":"Saamelainen ilmastoneuvosto - Saamelainen ilmastoneuvosto - S\u00e1mi d\u00e1lkk\u00e1datr\u00e1\u0111\u0111i","robots":{"index":"index","follow":"follow","max-snippet":"max-snippet:-1","max-image-preview":"max-image-preview:large","max-video-preview":"max-video-preview:-1"},"canonical":"https:\/\/saamelainenilmastoneuvosto.fi\/dav\/sami-dalkkadatraddi\/","og_locale":"en_US","og_type":"article","og_title":"Saamelainen ilmastoneuvosto - Saamelainen ilmastoneuvosto - S\u00e1mi d\u00e1lkk\u00e1datr\u00e1\u0111\u0111i","og_description":"S\u00e1mi d\u00e1lkk\u00e1datr\u00e1\u0111\u0111i add\u00e1 cealk\u00e1mu\u0161aid ja buvttada o\u0111\u0111a diehtovuo\u0111u mearr\u00e1dusdahkama doarjjan D\u00e1lkk\u00e1datr\u00e1\u0111i \u010doakk\u00e1dus 2023-2027 S\u00e1mi d\u00e1lkk\u00e1datr\u00e1\u0111\u0111i lea sorjjasmeahttun die\u0111apanela, mii vuo\u0111\u0111uduvv\u00e1 d\u00e1lkk\u00e1datl\u00e1hkii (423\/2022), ja man ulbmilin lea buktit s\u00e1pmela\u010d\u010daid \u00e1rbevirola\u0161 die\u0111u ja die\u0111ala\u0161 die\u0111u d\u00e1lkk\u00e1datpolitihka v\u00e1lmmastallama oassin. S\u00e1mi kultuvra lea hui h\u00e1vv\u00e1duvvi ear\u00e1huvvi d\u00e1lkk\u00e1dagas, daningo s\u00e1mi kultuvra lea nannosit \u010datnagasas \u00e1rktala\u0161 lundui. \u00c1rktala\u0161 guovllu d\u00e1lkk\u00e1dat lieggana...","og_url":"https:\/\/saamelainenilmastoneuvosto.fi\/dav\/sami-dalkkadatraddi\/","og_site_name":"Saamelainen ilmastoneuvosto","article_modified_time":"2025-07-29T08:00:52+00:00","og_image":[{"width":2000,"height":1125,"url":"https:\/\/saamelainenilmastoneuvosto.fi\/wp-content\/uploads\/2024\/11\/ilmastoneuvosto_hero7.jpg","type":"image\/jpeg"}],"twitter_card":"summary_large_image","twitter_misc":{"Est. reading time":"2 minutes"},"schema":{"@context":"https:\/\/schema.org","@graph":[{"@type":"WebPage","@id":"https:\/\/saamelainenilmastoneuvosto.fi\/dav\/sami-dalkkadatraddi\/","url":"https:\/\/saamelainenilmastoneuvosto.fi\/dav\/sami-dalkkadatraddi\/","name":"Saamelainen ilmastoneuvosto - Saamelainen ilmastoneuvosto - S\u00e1mi d\u00e1lkk\u00e1datr\u00e1\u0111\u0111i","isPartOf":{"@id":"https:\/\/saamelainenilmastoneuvosto.fi\/dav\/#website"},"primaryImageOfPage":{"@id":"https:\/\/saamelainenilmastoneuvosto.fi\/dav\/sami-dalkkadatraddi\/#primaryimage"},"image":{"@id":"https:\/\/saamelainenilmastoneuvosto.fi\/dav\/sami-dalkkadatraddi\/#primaryimage"},"thumbnailUrl":"https:\/\/saamelainenilmastoneuvosto.fi\/wp-content\/uploads\/2024\/11\/ilmastoneuvosto_hero7.jpg","datePublished":"2024-11-06T13:25:07+00:00","dateModified":"2025-07-29T08:00:52+00:00","breadcrumb":{"@id":"https:\/\/saamelainenilmastoneuvosto.fi\/dav\/sami-dalkkadatraddi\/#breadcrumb"},"inLanguage":"dav","potentialAction":[{"@type":"ReadAction","target":["https:\/\/saamelainenilmastoneuvosto.fi\/dav\/sami-dalkkadatraddi\/"]}]},{"@type":"ImageObject","inLanguage":"dav","@id":"https:\/\/saamelainenilmastoneuvosto.fi\/dav\/sami-dalkkadatraddi\/#primaryimage","url":"https:\/\/saamelainenilmastoneuvosto.fi\/wp-content\/uploads\/2024\/11\/ilmastoneuvosto_hero7.jpg","contentUrl":"https:\/\/saamelainenilmastoneuvosto.fi\/wp-content\/uploads\/2024\/11\/ilmastoneuvosto_hero7.jpg","width":2000,"height":1125},{"@type":"BreadcrumbList","@id":"https:\/\/saamelainenilmastoneuvosto.fi\/dav\/sami-dalkkadatraddi\/#breadcrumb","itemListElement":[{"@type":"ListItem","position":1,"name":"S\u00e1mi d\u00e1lkk\u00e1datr\u00e1\u0111\u0111i","item":"https:\/\/saamelainenilmastoneuvosto.fi\/dav\/"},{"@type":"ListItem","position":2,"name":"S\u00e1mi d\u00e1lkk\u00e1datr\u00e1\u0111\u0111i"}]},{"@type":"WebSite","@id":"https:\/\/saamelainenilmastoneuvosto.fi\/dav\/#website","url":"https:\/\/saamelainenilmastoneuvosto.fi\/dav\/","name":"Saamelainen ilmastoneuvosto","description":"Saamelainen ilmastoneuvosto verkkosivut","publisher":{"@id":"https:\/\/saamelainenilmastoneuvosto.fi\/dav\/#organization"},"potentialAction":[{"@type":"SearchAction","target":{"@type":"EntryPoint","urlTemplate":"https:\/\/saamelainenilmastoneuvosto.fi\/dav\/?s={search_term_string}"},"query-input":{"@type":"PropertyValueSpecification","valueRequired":true,"valueName":"search_term_string"}}],"inLanguage":"dav"},{"@type":"Organization","@id":"https:\/\/saamelainenilmastoneuvosto.fi\/dav\/#organization","name":"S\u00e1mi d\u00e1lkk\u00e1datr\u00e1\u0111\u0111i","url":"https:\/\/saamelainenilmastoneuvosto.fi\/dav\/","logo":{"@type":"ImageObject","inLanguage":"dav","@id":"https:\/\/saamelainenilmastoneuvosto.fi\/dav\/#\/schema\/logo\/image\/","url":"https:\/\/saamelainenilmastoneuvosto.fi\/wp-content\/uploads\/2024\/11\/s_favicon_512x512.png","contentUrl":"https:\/\/saamelainenilmastoneuvosto.fi\/wp-content\/uploads\/2024\/11\/s_favicon_512x512.png","width":512,"height":512,"caption":"S\u00e1mi d\u00e1lkk\u00e1datr\u00e1\u0111\u0111i"},"image":{"@id":"https:\/\/saamelainenilmastoneuvosto.fi\/dav\/#\/schema\/logo\/image\/"}}]}},"_links":{"self":[{"href":"https:\/\/saamelainenilmastoneuvosto.fi\/dav\/wp-json\/wp\/v2\/pages\/2803","targetHints":{"allow":["GET"]}}],"collection":[{"href":"https:\/\/saamelainenilmastoneuvosto.fi\/dav\/wp-json\/wp\/v2\/pages"}],"about":[{"href":"https:\/\/saamelainenilmastoneuvosto.fi\/dav\/wp-json\/wp\/v2\/types\/page"}],"author":[{"embeddable":true,"href":"https:\/\/saamelainenilmastoneuvosto.fi\/dav\/wp-json\/wp\/v2\/users\/1"}],"replies":[{"embeddable":true,"href":"https:\/\/saamelainenilmastoneuvosto.fi\/dav\/wp-json\/wp\/v2\/comments?post=2803"}],"version-history":[{"count":2,"href":"https:\/\/saamelainenilmastoneuvosto.fi\/dav\/wp-json\/wp\/v2\/pages\/2803\/revisions"}],"predecessor-version":[{"id":3032,"href":"https:\/\/saamelainenilmastoneuvosto.fi\/dav\/wp-json\/wp\/v2\/pages\/2803\/revisions\/3032"}],"wp:featuredmedia":[{"embeddable":true,"href":"https:\/\/saamelainenilmastoneuvosto.fi\/dav\/wp-json\/wp\/v2\/media\/2805"}],"wp:attachment":[{"href":"https:\/\/saamelainenilmastoneuvosto.fi\/dav\/wp-json\/wp\/v2\/media?parent=2803"}],"curies":[{"name":"wp","href":"https:\/\/api.w.org\/{rel}","templated":true}]}}