{"id":2783,"date":"2025-01-27T13:37:48","date_gmt":"2025-01-27T11:37:48","guid":{"rendered":"https:\/\/saamelainenilmastoneuvosto.fi\/?page_id=2783"},"modified":"2025-08-06T09:47:56","modified_gmt":"2025-08-06T06:47:56","slug":"etusivu","status":"publish","type":"page","link":"https:\/\/saamelainenilmastoneuvosto.fi\/dav\/","title":{"rendered":"Ovdasiidu"},"content":{"rendered":"\t\t<div data-elementor-type=\"wp-page\" data-elementor-id=\"2783\" class=\"elementor elementor-2783 elementor-2326\" data-elementor-post-type=\"page\">\n\t\t\t\t<div class=\"elementor-element elementor-element-0adc397 e-flex e-con-boxed e-con e-parent\" data-id=\"0adc397\" data-element_type=\"container\" data-e-type=\"container\" data-settings=\"{&quot;background_background&quot;:&quot;classic&quot;}\">\n\t\t\t\t\t<div class=\"e-con-inner\">\n\t\t<div class=\"elementor-element elementor-element-3284cde e-con-full e-flex e-con e-child\" data-id=\"3284cde\" data-element_type=\"container\" data-e-type=\"container\">\n\t\t<div class=\"elementor-element elementor-element-587d0c9 e-con-full e-flex e-con e-child\" data-id=\"587d0c9\" data-element_type=\"container\" data-e-type=\"container\" data-settings=\"{&quot;background_background&quot;:&quot;classic&quot;}\">\n\t\t\t\t<div class=\"elementor-element elementor-element-eefe1e3 elementor-widget elementor-widget-heading\" data-id=\"eefe1e3\" data-element_type=\"widget\" data-e-type=\"widget\" data-widget_type=\"heading.default\">\n\t\t\t\t\t<h1 class=\"elementor-heading-title elementor-size-default\">S\u00e1mi d\u00e1lkk\u00e1datr\u00e1\u0111\u0111i<\/h1>\t\t\t\t<\/div>\n\t\t\t\t<div class=\"elementor-element elementor-element-b3bada7 elementor-widget elementor-widget-text-editor\" data-id=\"b3bada7\" data-element_type=\"widget\" data-e-type=\"widget\" data-widget_type=\"text-editor.default\">\n\t\t\t\t\t\t\t\t\t<p>S\u00e1mi d\u00e1lkk\u00e1datr\u00e1\u0111\u0111i lea m\u00e1ilmmiviidosa\u010d\u010dat earenoam\u00e1\u0161 die\u0111apanela, man bargun lea buvttadit die\u0111u d\u00e1lkk\u00e1datrievdamis s\u00e1mi \u00e1rbevirola\u0161 die\u0111u ja dutkojuvvon die\u0111u oaidninvuogis. Diehtu buvttaduvvo sihke eisev\u00e1lddiide ja s\u00e1mi servo\u0161ii mearr\u00e1dusdahkama v\u00e1r\u00e1s ja lasihuvvo diehtu d\u00e1lkk\u00e1datrievdama v\u00e1ikkuhusain s\u00e1mi kultuvrii.<\/p>\n\t\t\t\t\t\t\t\t<\/div>\n\t\t\t\t<\/div>\n\t\t\t\t<\/div>\n\t\t\t\t\t<\/div>\n\t\t\t\t<\/div>\n\t\t<div class=\"elementor-element elementor-element-fab622f e-flex e-con-boxed e-con e-parent\" data-id=\"fab622f\" data-element_type=\"container\" data-e-type=\"container\">\n\t\t\t\t\t<div class=\"e-con-inner\">\n\t\t<div class=\"elementor-element elementor-element-4564339 e-con-full e-flex e-con e-child\" data-id=\"4564339\" data-element_type=\"container\" data-e-type=\"container\">\n\t\t\t\t<div class=\"elementor-element elementor-element-1d78b56 elementor-widget elementor-widget-heading\" data-id=\"1d78b56\" data-element_type=\"widget\" data-e-type=\"widget\" data-widget_type=\"heading.default\">\n\t\t\t\t\t<h2 class=\"elementor-heading-title elementor-size-default\">Buvttadit o\u0111\u0111a diehtovuo\u0111u mearr\u00e1dusdahkama doarjjan<\/h2>\t\t\t\t<\/div>\n\t\t\t\t<div class=\"elementor-element elementor-element-f767774 elementor-widget elementor-widget-text-editor\" data-id=\"f767774\" data-element_type=\"widget\" data-e-type=\"widget\" data-widget_type=\"text-editor.default\">\n\t\t\t\t\t\t\t\t\t<p>S\u00e1mi d\u00e1lkk\u00e1datr\u00e1\u0111\u0111i v\u00e1fista s\u00e1pmela\u010d\u010daid \u00e1rbevirola\u0161 die\u0111u ja die\u0111ala\u0161 die\u0111u vuhtii v\u00e1ldima \u00e1lbmotla\u0161 ja riikkaidgaskasa\u0161 d\u00e1lkk\u00e1datpolitihkas. Dat vigg\u00e1 loktet ovdan s\u00e1mi servo\u0161iid deaividan earenoam\u00e1\u0161 h\u00e1stalusaid ja ovddidit \u010dovdosiid, mat dorjot sihke d\u00e1lkk\u00e1datrievdama goahcama, dasa vuog\u00e1iduvvama ja s\u00e1mi kultuvrra seailuma.<\/p>\n\t\t\t\t\t\t\t\t<\/div>\n\t\t\t\t<\/div>\n\t\t<div class=\"elementor-element elementor-element-9ecd758 e-con-full e-flex e-con e-child\" data-id=\"9ecd758\" data-element_type=\"container\" data-e-type=\"container\">\n\t\t\t\t<div class=\"elementor-element elementor-element-8e3b332 elementor-hidden-mobile elementor-widget elementor-widget-image\" data-id=\"8e3b332\" data-element_type=\"widget\" data-e-type=\"widget\" data-widget_type=\"image.default\">\n\t\t\t\t\t\t\t\t\t\t\t\t\t\t\t<img fetchpriority=\"high\" decoding=\"async\" width=\"140\" height=\"400\" src=\"https:\/\/saamelainenilmastoneuvosto.fi\/wp-content\/uploads\/2024\/11\/koru.svg\" class=\"attachment-medium_large size-medium_large wp-image-2784\" alt=\"\" \/>\t\t\t\t\t\t\t\t\t\t\t\t\t\t\t<\/div>\n\t\t\t\t<\/div>\n\t\t\t\t\t<\/div>\n\t\t\t\t<\/div>\n\t\t<div class=\"elementor-element elementor-element-345b25f e-flex e-con-boxed e-con e-parent\" data-id=\"345b25f\" data-element_type=\"container\" data-e-type=\"container\">\n\t\t\t\t\t<div class=\"e-con-inner\">\n\t\t\t\t<div class=\"elementor-element elementor-element-8dbfcfb elementor-widget elementor-widget-heading\" data-id=\"8dbfcfb\" data-element_type=\"widget\" data-e-type=\"widget\" data-widget_type=\"heading.default\">\n\t\t\t\t\t<h2 class=\"elementor-heading-title elementor-size-default\">\u00c1igeguovdil<\/h2>\t\t\t\t<\/div>\n\t\t<div class=\"elementor-element elementor-element-6b113d8 e-con-full e-flex e-con e-child\" data-id=\"6b113d8\" data-element_type=\"container\" data-e-type=\"container\">\n\t\t<div class=\"elementor-element elementor-element-e5fef1f e-con-full e-flex e-con e-child\" data-id=\"e5fef1f\" data-element_type=\"container\" data-e-type=\"container\">\n\t\t\t\t<div class=\"elementor-element elementor-element-d3c72d5 elementor-grid-1 elementor-grid-tablet-1 elementor-grid-mobile-1 elementor-widget elementor-widget-loop-grid\" data-id=\"d3c72d5\" data-element_type=\"widget\" data-e-type=\"widget\" data-settings=\"{&quot;template_id&quot;:151,&quot;columns&quot;:1,&quot;columns_tablet&quot;:1,&quot;_skin&quot;:&quot;post&quot;,&quot;columns_mobile&quot;:&quot;1&quot;,&quot;edit_handle_selector&quot;:&quot;[data-elementor-type=\\&quot;loop-item\\&quot;]&quot;,&quot;row_gap&quot;:{&quot;unit&quot;:&quot;px&quot;,&quot;size&quot;:&quot;&quot;,&quot;sizes&quot;:[]},&quot;row_gap_widescreen&quot;:{&quot;unit&quot;:&quot;px&quot;,&quot;size&quot;:&quot;&quot;,&quot;sizes&quot;:[]},&quot;row_gap_laptop&quot;:{&quot;unit&quot;:&quot;px&quot;,&quot;size&quot;:&quot;&quot;,&quot;sizes&quot;:[]},&quot;row_gap_tablet&quot;:{&quot;unit&quot;:&quot;px&quot;,&quot;size&quot;:&quot;&quot;,&quot;sizes&quot;:[]},&quot;row_gap_mobile&quot;:{&quot;unit&quot;:&quot;px&quot;,&quot;size&quot;:&quot;&quot;,&quot;sizes&quot;:[]}}\" data-widget_type=\"loop-grid.post\">\n\t\t\t\t<div class=\"elementor-widget-container\">\n\t\t\t\t\t\t\t<div class=\"e-loop-nothing-found-message\">\n\t\t<\/div>\n\t\t\t\t\t\t<\/div>\n\t\t\t\t<\/div>\n\t\t\t\t<\/div>\n\t\t<div class=\"elementor-element elementor-element-79f13d9 e-con-full e-flex e-con e-child\" data-id=\"79f13d9\" data-element_type=\"container\" data-e-type=\"container\">\n\t\t\t\t<div class=\"elementor-element elementor-element-b7c6917 elementor-grid-1 elementor-grid-tablet-2 elementor-grid-mobile-1 elementor-widget elementor-widget-loop-grid\" data-id=\"b7c6917\" data-element_type=\"widget\" data-e-type=\"widget\" data-settings=\"{&quot;template_id&quot;:1741,&quot;columns&quot;:1,&quot;_skin&quot;:&quot;post&quot;,&quot;columns_tablet&quot;:&quot;2&quot;,&quot;columns_mobile&quot;:&quot;1&quot;,&quot;edit_handle_selector&quot;:&quot;[data-elementor-type=\\&quot;loop-item\\&quot;]&quot;,&quot;row_gap&quot;:{&quot;unit&quot;:&quot;px&quot;,&quot;size&quot;:&quot;&quot;,&quot;sizes&quot;:[]},&quot;row_gap_widescreen&quot;:{&quot;unit&quot;:&quot;px&quot;,&quot;size&quot;:&quot;&quot;,&quot;sizes&quot;:[]},&quot;row_gap_laptop&quot;:{&quot;unit&quot;:&quot;px&quot;,&quot;size&quot;:&quot;&quot;,&quot;sizes&quot;:[]},&quot;row_gap_tablet&quot;:{&quot;unit&quot;:&quot;px&quot;,&quot;size&quot;:&quot;&quot;,&quot;sizes&quot;:[]},&quot;row_gap_mobile&quot;:{&quot;unit&quot;:&quot;px&quot;,&quot;size&quot;:&quot;&quot;,&quot;sizes&quot;:[]}}\" data-widget_type=\"loop-grid.post\">\n\t\t\t\t<div class=\"elementor-widget-container\">\n\t\t\t\t\t\t\t<div class=\"e-loop-nothing-found-message\">\n\t\t<\/div>\n\t\t\t\t\t\t<\/div>\n\t\t\t\t<\/div>\n\t\t<div class=\"elementor-element elementor-element-9810f58 e-con-full elementor-hidden-widescreen elementor-hidden-desktop elementor-hidden-laptop elementor-hidden-tablet elementor-hidden-mobile e-flex e-con e-child\" data-id=\"9810f58\" data-element_type=\"container\" data-e-type=\"container\">\n\t\t\t\t<div class=\"elementor-element elementor-element-70df8d7 elementor-widget elementor-widget-button\" data-id=\"70df8d7\" data-element_type=\"widget\" data-e-type=\"widget\" data-widget_type=\"button.default\">\n\t\t\t\t\t\t\t\t\t\t<a class=\"elementor-button elementor-button-link elementor-size-sm\" href=\"https:\/\/saamelainenilmastoneuvosto.fi\/dav\/aigeguovdil\/\">\n\t\t\t\t\t\t<span class=\"elementor-button-content-wrapper\">\n\t\t\t\t\t\t\t\t\t<span class=\"elementor-button-text\">Geah\u010da visot bloggaartihkkaliid<\/span>\n\t\t\t\t\t<\/span>\n\t\t\t\t\t<\/a>\n\t\t\t\t\t\t\t\t<\/div>\n\t\t\t\t<\/div>\n\t\t\t\t<\/div>\n\t\t\t\t<\/div>\n\t\t\t\t\t<\/div>\n\t\t\t\t<\/div>\n\t\t<div class=\"elementor-element elementor-element-48d6400 e-flex e-con-boxed e-con e-parent\" data-id=\"48d6400\" data-element_type=\"container\" data-e-type=\"container\">\n\t\t\t\t\t<div class=\"e-con-inner\">\n\t\t<div class=\"elementor-element elementor-element-01ed39b e-con-full e-flex e-con e-child\" data-id=\"01ed39b\" data-element_type=\"container\" data-e-type=\"container\">\n\t\t\t\t<div class=\"elementor-element elementor-element-7b04c41 elementor-widget elementor-widget-heading\" data-id=\"7b04c41\" data-element_type=\"widget\" data-e-type=\"widget\" data-widget_type=\"heading.default\">\n\t\t\t\t\t<h2 class=\"elementor-heading-title elementor-size-default\">\u010cuovo min sosi\u00e1lala\u0161 medias<\/h2>\t\t\t\t<\/div>\n\t\t\t\t<div class=\"elementor-element elementor-element-5be9c8a elementor-widget elementor-widget-text-editor\" data-id=\"5be9c8a\" data-element_type=\"widget\" data-e-type=\"widget\" data-widget_type=\"text-editor.default\">\n\t\t\t\t\t\t\t\t\t<p>G\u00e1vnnat min \u010duovvova\u0161 kan\u00e1lain: <a href=\"https:\/\/www.linkedin.com\/company\/saamelainen-ilmastoneuvosto\" target=\"_blank\" rel=\"noopener\">LinkedIn<\/a>, <a href=\"https:\/\/www.facebook.com\/people\/Saamelainen-ilmastoneuvosto\/61564013221178\/\" target=\"_blank\" rel=\"noopener\">Facebook<\/a> ja <a href=\"https:\/\/x.com\/Ilmastoneuvosto\/\" target=\"_blank\" rel=\"noopener\">X<\/a>.<\/p>\n\t\t\t\t\t\t\t\t<\/div>\n\t\t\t\t<\/div>\n\t\t<div class=\"elementor-element elementor-element-0790e30 e-con-full e-flex e-con e-child\" data-id=\"0790e30\" data-element_type=\"container\" data-e-type=\"container\">\n\t\t\t\t<div class=\"elementor-element elementor-element-74fba5e elementor-widget elementor-widget-shortcode\" data-id=\"74fba5e\" data-element_type=\"widget\" data-e-type=\"widget\" data-widget_type=\"shortcode.default\">\n\t\t\t\t\t\t\t<div class=\"elementor-shortcode\"><!-- Place <div> tag where you want the feed to appear --><div id=\"curator-feed-default-feed-layout\"><a href=\"https:\/\/curator.io\" target=\"_blank\" class=\"crt-logo crt-tag\">Powered by Curator.io<\/a><\/div><!-- The Javascript can be moved to the end of the html page before the <\/body> tag --><script type=\"text\/javascript\">\/* curator-feed-default-feed-layout *\/(function(){var i,e,d=document,s=\"script\";i=d.createElement(\"script\");i.async=1;i.charset=\"UTF-8\";i.src=\"https:\/\/cdn.curator.io\/published\/ba06f215-978d-45e6-ac1d-efd6b97fe3fb.js\";e=d.getElementsByTagName(s)[0];e.parentNode.insertBefore(i, e);})();<\/script><\/div>\n\t\t\t\t\t\t<\/div>\n\t\t\t\t<\/div>\n\t\t\t\t\t<\/div>\n\t\t\t\t<\/div>\n\t\t\t\t<\/div>\n\t\t","protected":false},"excerpt":{"rendered":"<p>S\u00e1mi d\u00e1lkk\u00e1datr\u00e1\u0111\u0111i S\u00e1mi d\u00e1lkk\u00e1datr\u00e1\u0111\u0111i lea m\u00e1ilmmiviidosa\u010d\u010dat earenoam\u00e1\u0161 die\u0111apanela, man bargun lea buvttadit die\u0111u d\u00e1lkk\u00e1datrievdamis s\u00e1mi \u00e1rbevirola\u0161 die\u0111u ja dutkojuvvon die\u0111u oaidninvuogis. Diehtu buvttaduvvo sihke eisev\u00e1lddiide ja s\u00e1mi servo\u0161ii mearr\u00e1dusdahkama v\u00e1r\u00e1s ja lasihuvvo diehtu d\u00e1lkk\u00e1datrievdama v\u00e1ikkuhusain s\u00e1mi kultuvrii. Buvttadit o\u0111\u0111a diehtovuo\u0111u mearr\u00e1dusdahkama doarjjan S\u00e1mi d\u00e1lkk\u00e1datr\u00e1\u0111\u0111i v\u00e1fista s\u00e1pmela\u010d\u010daid \u00e1rbevirola\u0161 die\u0111u ja die\u0111ala\u0161 die\u0111u vuhtii v\u00e1ldima \u00e1lbmotla\u0161 ja&#8230;<\/p>\n","protected":false},"author":1,"featured_media":0,"parent":0,"menu_order":0,"comment_status":"closed","ping_status":"closed","template":"elementor_header_footer","meta":{"_acf_changed":false,"footnotes":""},"class_list":["post-2783","page","type-page","status-publish","hentry"],"acf":[],"yoast_head":"<!-- This site is optimized with the Yoast SEO plugin v27.4 - https:\/\/yoast.com\/product\/yoast-seo-wordpress\/ -->\n<title>Saamelainen ilmastoneuvosto - Saamelainen ilmastoneuvosto - Ovdasiidu<\/title>\n<meta name=\"robots\" content=\"index, follow, max-snippet:-1, max-image-preview:large, max-video-preview:-1\" \/>\n<link rel=\"canonical\" href=\"https:\/\/saamelainenilmastoneuvosto.fi\/dav\/\" \/>\n<meta property=\"og:locale\" content=\"en_US\" \/>\n<meta property=\"og:type\" content=\"article\" \/>\n<meta property=\"og:title\" content=\"Saamelainen ilmastoneuvosto - Saamelainen ilmastoneuvosto - Ovdasiidu\" \/>\n<meta property=\"og:description\" content=\"S\u00e1mi d\u00e1lkk\u00e1datr\u00e1\u0111\u0111i S\u00e1mi d\u00e1lkk\u00e1datr\u00e1\u0111\u0111i lea m\u00e1ilmmiviidosa\u010d\u010dat earenoam\u00e1\u0161 die\u0111apanela, man bargun lea buvttadit die\u0111u d\u00e1lkk\u00e1datrievdamis s\u00e1mi \u00e1rbevirola\u0161 die\u0111u ja dutkojuvvon die\u0111u oaidninvuogis. Diehtu buvttaduvvo sihke eisev\u00e1lddiide ja s\u00e1mi servo\u0161ii mearr\u00e1dusdahkama v\u00e1r\u00e1s ja lasihuvvo diehtu d\u00e1lkk\u00e1datrievdama v\u00e1ikkuhusain s\u00e1mi kultuvrii. Buvttadit o\u0111\u0111a diehtovuo\u0111u mearr\u00e1dusdahkama doarjjan S\u00e1mi d\u00e1lkk\u00e1datr\u00e1\u0111\u0111i v\u00e1fista s\u00e1pmela\u010d\u010daid \u00e1rbevirola\u0161 die\u0111u ja die\u0111ala\u0161 die\u0111u vuhtii v\u00e1ldima \u00e1lbmotla\u0161 ja...\" \/>\n<meta property=\"og:url\" content=\"https:\/\/saamelainenilmastoneuvosto.fi\/dav\/\" \/>\n<meta property=\"og:site_name\" content=\"Saamelainen ilmastoneuvosto\" \/>\n<meta property=\"article:modified_time\" content=\"2025-08-06T06:47:56+00:00\" \/>\n<meta property=\"og:image\" content=\"https:\/\/saamelainenilmastoneuvosto.fi\/wp-content\/uploads\/2024\/11\/saamelainen-ilmastoneuvosto_link.jpg\" \/>\n\t<meta property=\"og:image:width\" content=\"1200\" \/>\n\t<meta property=\"og:image:height\" content=\"630\" \/>\n\t<meta property=\"og:image:type\" content=\"image\/jpeg\" \/>\n<meta name=\"twitter:card\" content=\"summary_large_image\" \/>\n<meta name=\"twitter:label1\" content=\"Est. reading time\" \/>\n\t<meta name=\"twitter:data1\" content=\"1 minute\" \/>\n<script type=\"application\/ld+json\" class=\"yoast-schema-graph\">{\"@context\":\"https:\\\/\\\/schema.org\",\"@graph\":[{\"@type\":\"WebPage\",\"@id\":\"https:\\\/\\\/saamelainenilmastoneuvosto.fi\\\/dav\\\/\",\"url\":\"https:\\\/\\\/saamelainenilmastoneuvosto.fi\\\/dav\\\/\",\"name\":\"Saamelainen ilmastoneuvosto - Saamelainen ilmastoneuvosto - Ovdasiidu\",\"isPartOf\":{\"@id\":\"https:\\\/\\\/saamelainenilmastoneuvosto.fi\\\/dav\\\/#website\"},\"primaryImageOfPage\":{\"@id\":\"https:\\\/\\\/saamelainenilmastoneuvosto.fi\\\/dav\\\/#primaryimage\"},\"image\":{\"@id\":\"https:\\\/\\\/saamelainenilmastoneuvosto.fi\\\/dav\\\/#primaryimage\"},\"thumbnailUrl\":\"https:\\\/\\\/saamelainenilmastoneuvosto.fi\\\/wp-content\\\/uploads\\\/2024\\\/11\\\/koru.svg\",\"datePublished\":\"2025-01-27T11:37:48+00:00\",\"dateModified\":\"2025-08-06T06:47:56+00:00\",\"breadcrumb\":{\"@id\":\"https:\\\/\\\/saamelainenilmastoneuvosto.fi\\\/dav\\\/#breadcrumb\"},\"inLanguage\":\"dav\",\"potentialAction\":[{\"@type\":\"ReadAction\",\"target\":[\"https:\\\/\\\/saamelainenilmastoneuvosto.fi\\\/dav\\\/\"]}]},{\"@type\":\"ImageObject\",\"inLanguage\":\"dav\",\"@id\":\"https:\\\/\\\/saamelainenilmastoneuvosto.fi\\\/dav\\\/#primaryimage\",\"url\":\"https:\\\/\\\/saamelainenilmastoneuvosto.fi\\\/wp-content\\\/uploads\\\/2024\\\/11\\\/koru.svg\",\"contentUrl\":\"https:\\\/\\\/saamelainenilmastoneuvosto.fi\\\/wp-content\\\/uploads\\\/2024\\\/11\\\/koru.svg\"},{\"@type\":\"BreadcrumbList\",\"@id\":\"https:\\\/\\\/saamelainenilmastoneuvosto.fi\\\/dav\\\/#breadcrumb\",\"itemListElement\":[{\"@type\":\"ListItem\",\"position\":1,\"name\":\"S\u00e1mi d\u00e1lkk\u00e1datr\u00e1\u0111\u0111i\",\"item\":\"https:\\\/\\\/saamelainenilmastoneuvosto.fi\\\/dav\\\/\"},{\"@type\":\"ListItem\",\"position\":2,\"name\":\"Ovdasiidu\"}]},{\"@type\":\"WebSite\",\"@id\":\"https:\\\/\\\/saamelainenilmastoneuvosto.fi\\\/dav\\\/#website\",\"url\":\"https:\\\/\\\/saamelainenilmastoneuvosto.fi\\\/dav\\\/\",\"name\":\"Saamelainen ilmastoneuvosto\",\"description\":\"Saamelainen ilmastoneuvosto verkkosivut\",\"publisher\":{\"@id\":\"https:\\\/\\\/saamelainenilmastoneuvosto.fi\\\/dav\\\/#organization\"},\"potentialAction\":[{\"@type\":\"SearchAction\",\"target\":{\"@type\":\"EntryPoint\",\"urlTemplate\":\"https:\\\/\\\/saamelainenilmastoneuvosto.fi\\\/dav\\\/?s={search_term_string}\"},\"query-input\":{\"@type\":\"PropertyValueSpecification\",\"valueRequired\":true,\"valueName\":\"search_term_string\"}}],\"inLanguage\":\"dav\"},{\"@type\":\"Organization\",\"@id\":\"https:\\\/\\\/saamelainenilmastoneuvosto.fi\\\/dav\\\/#organization\",\"name\":\"S\u00e1mi d\u00e1lkk\u00e1datr\u00e1\u0111\u0111i\",\"url\":\"https:\\\/\\\/saamelainenilmastoneuvosto.fi\\\/dav\\\/\",\"logo\":{\"@type\":\"ImageObject\",\"inLanguage\":\"dav\",\"@id\":\"https:\\\/\\\/saamelainenilmastoneuvosto.fi\\\/dav\\\/#\\\/schema\\\/logo\\\/image\\\/\",\"url\":\"https:\\\/\\\/saamelainenilmastoneuvosto.fi\\\/wp-content\\\/uploads\\\/2024\\\/11\\\/s_favicon_512x512.png\",\"contentUrl\":\"https:\\\/\\\/saamelainenilmastoneuvosto.fi\\\/wp-content\\\/uploads\\\/2024\\\/11\\\/s_favicon_512x512.png\",\"width\":512,\"height\":512,\"caption\":\"S\u00e1mi d\u00e1lkk\u00e1datr\u00e1\u0111\u0111i\"},\"image\":{\"@id\":\"https:\\\/\\\/saamelainenilmastoneuvosto.fi\\\/dav\\\/#\\\/schema\\\/logo\\\/image\\\/\"}}]}<\/script>\n<!-- \/ Yoast SEO plugin. -->","yoast_head_json":{"title":"Saamelainen ilmastoneuvosto - Saamelainen ilmastoneuvosto - Ovdasiidu","robots":{"index":"index","follow":"follow","max-snippet":"max-snippet:-1","max-image-preview":"max-image-preview:large","max-video-preview":"max-video-preview:-1"},"canonical":"https:\/\/saamelainenilmastoneuvosto.fi\/dav\/","og_locale":"en_US","og_type":"article","og_title":"Saamelainen ilmastoneuvosto - Saamelainen ilmastoneuvosto - Ovdasiidu","og_description":"S\u00e1mi d\u00e1lkk\u00e1datr\u00e1\u0111\u0111i S\u00e1mi d\u00e1lkk\u00e1datr\u00e1\u0111\u0111i lea m\u00e1ilmmiviidosa\u010d\u010dat earenoam\u00e1\u0161 die\u0111apanela, man bargun lea buvttadit die\u0111u d\u00e1lkk\u00e1datrievdamis s\u00e1mi \u00e1rbevirola\u0161 die\u0111u ja dutkojuvvon die\u0111u oaidninvuogis. Diehtu buvttaduvvo sihke eisev\u00e1lddiide ja s\u00e1mi servo\u0161ii mearr\u00e1dusdahkama v\u00e1r\u00e1s ja lasihuvvo diehtu d\u00e1lkk\u00e1datrievdama v\u00e1ikkuhusain s\u00e1mi kultuvrii. Buvttadit o\u0111\u0111a diehtovuo\u0111u mearr\u00e1dusdahkama doarjjan S\u00e1mi d\u00e1lkk\u00e1datr\u00e1\u0111\u0111i v\u00e1fista s\u00e1pmela\u010d\u010daid \u00e1rbevirola\u0161 die\u0111u ja die\u0111ala\u0161 die\u0111u vuhtii v\u00e1ldima \u00e1lbmotla\u0161 ja...","og_url":"https:\/\/saamelainenilmastoneuvosto.fi\/dav\/","og_site_name":"Saamelainen ilmastoneuvosto","article_modified_time":"2025-08-06T06:47:56+00:00","og_image":[{"width":1200,"height":630,"url":"https:\/\/saamelainenilmastoneuvosto.fi\/wp-content\/uploads\/2024\/11\/saamelainen-ilmastoneuvosto_link.jpg","type":"image\/jpeg"}],"twitter_card":"summary_large_image","twitter_misc":{"Est. reading time":"1 minute"},"schema":{"@context":"https:\/\/schema.org","@graph":[{"@type":"WebPage","@id":"https:\/\/saamelainenilmastoneuvosto.fi\/dav\/","url":"https:\/\/saamelainenilmastoneuvosto.fi\/dav\/","name":"Saamelainen ilmastoneuvosto - Saamelainen ilmastoneuvosto - Ovdasiidu","isPartOf":{"@id":"https:\/\/saamelainenilmastoneuvosto.fi\/dav\/#website"},"primaryImageOfPage":{"@id":"https:\/\/saamelainenilmastoneuvosto.fi\/dav\/#primaryimage"},"image":{"@id":"https:\/\/saamelainenilmastoneuvosto.fi\/dav\/#primaryimage"},"thumbnailUrl":"https:\/\/saamelainenilmastoneuvosto.fi\/wp-content\/uploads\/2024\/11\/koru.svg","datePublished":"2025-01-27T11:37:48+00:00","dateModified":"2025-08-06T06:47:56+00:00","breadcrumb":{"@id":"https:\/\/saamelainenilmastoneuvosto.fi\/dav\/#breadcrumb"},"inLanguage":"dav","potentialAction":[{"@type":"ReadAction","target":["https:\/\/saamelainenilmastoneuvosto.fi\/dav\/"]}]},{"@type":"ImageObject","inLanguage":"dav","@id":"https:\/\/saamelainenilmastoneuvosto.fi\/dav\/#primaryimage","url":"https:\/\/saamelainenilmastoneuvosto.fi\/wp-content\/uploads\/2024\/11\/koru.svg","contentUrl":"https:\/\/saamelainenilmastoneuvosto.fi\/wp-content\/uploads\/2024\/11\/koru.svg"},{"@type":"BreadcrumbList","@id":"https:\/\/saamelainenilmastoneuvosto.fi\/dav\/#breadcrumb","itemListElement":[{"@type":"ListItem","position":1,"name":"S\u00e1mi d\u00e1lkk\u00e1datr\u00e1\u0111\u0111i","item":"https:\/\/saamelainenilmastoneuvosto.fi\/dav\/"},{"@type":"ListItem","position":2,"name":"Ovdasiidu"}]},{"@type":"WebSite","@id":"https:\/\/saamelainenilmastoneuvosto.fi\/dav\/#website","url":"https:\/\/saamelainenilmastoneuvosto.fi\/dav\/","name":"Saamelainen ilmastoneuvosto","description":"Saamelainen ilmastoneuvosto verkkosivut","publisher":{"@id":"https:\/\/saamelainenilmastoneuvosto.fi\/dav\/#organization"},"potentialAction":[{"@type":"SearchAction","target":{"@type":"EntryPoint","urlTemplate":"https:\/\/saamelainenilmastoneuvosto.fi\/dav\/?s={search_term_string}"},"query-input":{"@type":"PropertyValueSpecification","valueRequired":true,"valueName":"search_term_string"}}],"inLanguage":"dav"},{"@type":"Organization","@id":"https:\/\/saamelainenilmastoneuvosto.fi\/dav\/#organization","name":"S\u00e1mi d\u00e1lkk\u00e1datr\u00e1\u0111\u0111i","url":"https:\/\/saamelainenilmastoneuvosto.fi\/dav\/","logo":{"@type":"ImageObject","inLanguage":"dav","@id":"https:\/\/saamelainenilmastoneuvosto.fi\/dav\/#\/schema\/logo\/image\/","url":"https:\/\/saamelainenilmastoneuvosto.fi\/wp-content\/uploads\/2024\/11\/s_favicon_512x512.png","contentUrl":"https:\/\/saamelainenilmastoneuvosto.fi\/wp-content\/uploads\/2024\/11\/s_favicon_512x512.png","width":512,"height":512,"caption":"S\u00e1mi d\u00e1lkk\u00e1datr\u00e1\u0111\u0111i"},"image":{"@id":"https:\/\/saamelainenilmastoneuvosto.fi\/dav\/#\/schema\/logo\/image\/"}}]}},"_links":{"self":[{"href":"https:\/\/saamelainenilmastoneuvosto.fi\/dav\/wp-json\/wp\/v2\/pages\/2783","targetHints":{"allow":["GET"]}}],"collection":[{"href":"https:\/\/saamelainenilmastoneuvosto.fi\/dav\/wp-json\/wp\/v2\/pages"}],"about":[{"href":"https:\/\/saamelainenilmastoneuvosto.fi\/dav\/wp-json\/wp\/v2\/types\/page"}],"author":[{"embeddable":true,"href":"https:\/\/saamelainenilmastoneuvosto.fi\/dav\/wp-json\/wp\/v2\/users\/1"}],"replies":[{"embeddable":true,"href":"https:\/\/saamelainenilmastoneuvosto.fi\/dav\/wp-json\/wp\/v2\/comments?post=2783"}],"version-history":[{"count":15,"href":"https:\/\/saamelainenilmastoneuvosto.fi\/dav\/wp-json\/wp\/v2\/pages\/2783\/revisions"}],"predecessor-version":[{"id":3118,"href":"https:\/\/saamelainenilmastoneuvosto.fi\/dav\/wp-json\/wp\/v2\/pages\/2783\/revisions\/3118"}],"wp:attachment":[{"href":"https:\/\/saamelainenilmastoneuvosto.fi\/dav\/wp-json\/wp\/v2\/media?parent=2783"}],"curies":[{"name":"wp","href":"https:\/\/api.w.org\/{rel}","templated":true}]}}